
{"id":16,"date":"2012-04-12T23:13:57","date_gmt":"2012-04-12T23:13:57","guid":{"rendered":"http:\/\/www.imigracaojaponesa.com.br\/imigracaojaponesa2012\/?page_id=16"},"modified":"2012-12-27T15:06:31","modified_gmt":"2012-12-27T18:06:31","slug":"museus","status":"publish","type":"page","link":"http:\/\/www.imigracaojaponesa.com.br\/index.php\/museus\/","title":{"rendered":"Museus"},"content":{"rendered":"<h2>S\u00e3o Paulo<\/h2>\n<p><strong>S\u00e3o Paulo<\/strong> &#8211;\u00a0<a href=\"http:\/\/www.museubunkyo.org.br\">Museu Hist\u00f3rico da Imigra\u00e7\u00e3o Japonesa no Brasil<\/a><br \/>\nRua S\u00e3o Joaquim, 381 &#8211; Liberdade &#8211; S\u00e3o Paulo<br \/>\nTel: (11)3209-5465 \/ 3208-1755 (ramal 117)<br \/>\nEmail: museu@bunkyo.org.br<\/p>\n<p><strong>Bastos<\/strong> &#8211;\u00a0<a href=\"http:\/\/www.museu.bastos.sp.gov.br\">Museu Hist\u00f3rico Regional Saburo Yamanaka<\/a><br \/>\nAv. Gapar Ricardo, 757 &#8211; Centro &#8211; Bastos<br \/>\nTel: (14) 3478 6557<\/p>\n<p><strong>Campinas<\/strong> &#8211; Museu da Fazenda Tozan<br \/>\nRodovia SP-340 (Adhemar de Barros), km 121 (sentido Mogi-mirim\/Campinas) &#8211; Campinas<br \/>\nTel: (19) 3257 1236<br \/>\nEmail: osamu@tozan.com.br<br \/>\n*visitas somente com agendamento<\/p>\n<p><strong>Lins<\/strong> &#8211;\u00a0Museu Hist\u00f3rico e Arqueol\u00f3gico de Lins.<br \/>\nRua Aureliano Resende de Andrade, 100<br \/>\nTel:<em>\u00a0<\/em>(14) 3529-2302<br \/>\nter\u00e7a-feira a domingo, das 9h \u00e0s 17h<\/p>\n<p><strong>Mogi das Cruzes<\/strong> &#8211; Parque do Centen\u00e1rio, Memorial Taro Kohno, Memorial Fotogr\u00e1fico Kasato Maru, Centro de Exposi\u00e7\u00f5es Cidades Irm\u00e3s<br \/>\nAv. Francisco Rodrigues Filho s\/n &#8211; C\u00e9sar de Souza &#8211; Mogi das Cruzes<\/p>\n<p><strong>Pereira Barreto<\/strong> &#8211;\u00a0<a href=\"http:\/\/www.pereirabarretosp.com\/museu\">Museu Hist\u00f3rico da Coloniza\u00e7\u00e3o<\/a><br \/>\nRua Hajime Fujimoto, 1000 &#8211; Centro &#8211; Pereira Barreto<br \/>\nTel: (18) 3704 6888<br \/>\nEmail: mhcpb@clubinter.com.br<\/p>\n<p><strong>Presidente Prudente<\/strong> &#8211;\u00a0<a href=\"http:\/\/www.museu.presidenteprudente.sp.gov.br\">Museu e Arquivo Hist\u00f3rico Prefeito Antonio Sandoval Netto<\/a><br \/>\nAv. Jo\u00e3o Gon\u00e7alves Foz, 2179 &#8211; Jd. Rosas &#8211; Presidente Prudente<br \/>\nTel: (18) 3223 9404<\/p>\n<p><strong>Registro<\/strong> &#8211; Museu da imigra\u00e7\u00e3o Japonesa de Registro<br \/>\n(antiga sede da empresa KKKK)<br \/>\nAv. Pref. Jonas Banks Leite, 57 &#8211; Registro<br \/>\nTel: (13) 3822 2865<\/p>\n<p><strong>Tup\u00e3<\/strong> &#8211; Museu Hist\u00f3rico e Pedag\u00f3gico \u00cdndia Vanu\u00edre<br \/>\nRua Coroados, 521 &#8211; Tup\u00e3<br \/>\nTel: (14) 3491 2333<\/p>\n<h2>Par\u00e1<\/h2>\n<p><strong>Tom\u00e9-A\u00e7u<\/strong> &#8211; Museu Hist\u00f3rico da Imigra\u00e7\u00e3o Japonesa em Tom\u00e9-A\u00e7u<br \/>\n(faz parte da Associa\u00e7\u00e3o Cultural e Fomento Agr\u00edcola de Tom\u00e9-A\u00e7u &#8211; ACTA)<br \/>\nAv. Dionisio Bentes, s\/n &#8211; Centro &#8211; Quatro Bocas, Tom\u00e9-A\u00e7u<br \/>\nTel: (91) 3734 1316<\/p>\n<h2>Paran\u00e1<\/h2>\n<p><strong>Londrina<\/strong> &#8211;\u00a0<a href=\"http:\/\/www.uel.br\/museu\">Museu Hist\u00f3rico de Londrina &#8220;padre Carlos Weiss&#8221;<\/a><br \/>\nRua Benjamin Constant, 900 &#8211; Centro &#8211; Londrina<br \/>\nTel: (43) 3323 0082<br \/>\nFuncionamento: 3\u00aa a 6\u00aa das 9h \u00e0s 11h e 14h30 \u00a0\u00e0s 17h30 \/ s\u00e1b e dom das 9h \u00e0s 11h30 e 13h30 \u00e0s 17h<\/p>\n<p><strong>Rol\u00e2ndia<\/strong> &#8211; Museu Agr\u00edcola da Coloniza\u00e7\u00e3o do Paran\u00e1<br \/>\n(ou &#8220;museu japon\u00eas&#8221;)<br \/>\nEstrada Rol\u00e2ndia\/Pitangueiras, km 5 &#8211; Rol\u00e2ndia<br \/>\nTel: (43) 3256-1449 \/ 3256-1716.<br \/>\nHor\u00e1rio de funcionamento:\u00a0quarta a domingo das 13h \u00e0s 17h30<\/p>\n","protected":false},"excerpt":{"rendered":"<p>S\u00e3o Paulo S\u00e3o Paulo &#8211;\u00a0Museu Hist\u00f3rico da Imigra\u00e7\u00e3o Japonesa no Brasil Rua S\u00e3o Joaquim, 381 &#8211; Liberdade &#8211; S\u00e3o Paulo Tel: (11)3209-5465 \/ 3208-1755 (ramal 117) Email: museu@bunkyo.org.br Bastos &#8211;\u00a0Museu Hist\u00f3rico Regional Saburo Yamanaka Av. Gapar Ricardo, 757 &#8211; Centro &#8211; Bastos Tel: (14) 3478 6557 Campinas &#8211; Museu da Fazenda Tozan Rodovia SP-340 (Adhemar <a href='http:\/\/www.imigracaojaponesa.com.br\/index.php\/museus\/' class='excerpt-more'>[&#8230;]<\/a><\/p>\n","protected":false},"author":1,"featured_media":0,"parent":0,"menu_order":0,"comment_status":"closed","ping_status":"open","template":"","meta":{"ngg_post_thumbnail":0,"footnotes":""},"_links":{"self":[{"href":"http:\/\/www.imigracaojaponesa.com.br\/index.php\/wp-json\/wp\/v2\/pages\/16"}],"collection":[{"href":"http:\/\/www.imigracaojaponesa.com.br\/index.php\/wp-json\/wp\/v2\/pages"}],"about":[{"href":"http:\/\/www.imigracaojaponesa.com.br\/index.php\/wp-json\/wp\/v2\/types\/page"}],"author":[{"embeddable":true,"href":"http:\/\/www.imigracaojaponesa.com.br\/index.php\/wp-json\/wp\/v2\/users\/1"}],"replies":[{"embeddable":true,"href":"http:\/\/www.imigracaojaponesa.com.br\/index.php\/wp-json\/wp\/v2\/comments?post=16"}],"version-history":[{"count":11,"href":"http:\/\/www.imigracaojaponesa.com.br\/index.php\/wp-json\/wp\/v2\/pages\/16\/revisions"}],"predecessor-version":[{"id":289,"href":"http:\/\/www.imigracaojaponesa.com.br\/index.php\/wp-json\/wp\/v2\/pages\/16\/revisions\/289"}],"wp:attachment":[{"href":"http:\/\/www.imigracaojaponesa.com.br\/index.php\/wp-json\/wp\/v2\/media?parent=16"}],"curies":[{"name":"wp","href":"https:\/\/api.w.org\/{rel}","templated":true}]}}