
{"id":209,"date":"2012-08-27T16:59:36","date_gmt":"2012-08-27T19:59:36","guid":{"rendered":"http:\/\/www.imigracaojaponesa.com.br\/imigracaojaponesa2012\/?page_id=209"},"modified":"2012-09-04T00:56:45","modified_gmt":"2012-09-04T03:56:45","slug":"sussumu-tanaka","status":"publish","type":"page","link":"http:\/\/www.imigracaojaponesa.com.br\/index.php\/entrevistas\/sussumu-tanaka\/","title":{"rendered":"Sussumu Tanaka"},"content":{"rendered":"<p><a href=\"http:\/\/www.imigracaojaponesa.com.br\/wp-content\/uploads\/2012\/06\/TANAKA3403peq.jpg\"><img loading=\"lazy\" decoding=\"async\" class=\"alignleft size-full wp-image-205\" title=\"TANAKA3403peq\" src=\"http:\/\/www.imigracaojaponesa.com.br\/wp-content\/uploads\/2012\/06\/TANAKA3403peq.jpg\" alt=\"\" width=\"300\" height=\"400\" srcset=\"http:\/\/www.imigracaojaponesa.com.br\/wp-content\/uploads\/2012\/06\/TANAKA3403peq.jpg 300w, http:\/\/www.imigracaojaponesa.com.br\/wp-content\/uploads\/2012\/06\/TANAKA3403peq-225x300.jpg 225w, http:\/\/www.imigracaojaponesa.com.br\/wp-content\/uploads\/2012\/06\/TANAKA3403peq-112x150.jpg 112w\" sizes=\"(max-width: 300px) 100vw, 300px\" \/><\/a>O Cine Niter\u00f3i foi o marco dos imigrantes japoneses no bairro da Liberdade,em S\u00e3o Paulo. Parafalar desse assunto, visitamos o sr. Susumu, \u00fanico sobrevivente dos irm\u00e3os da fam\u00edlia Tanaka, que foi propriet\u00e1ria do Niter\u00f3i. A entrevista correu bem, regado de bom humor. Dif\u00edcil acreditar que o entrevistado em quest\u00e3o tenha 92 anos!<\/p>\n<p>Susumu Tanaka nasceu em Osaka, no Jap\u00e3o, e veio para o Brasil em 1923, com 10 anos de idade. Trabalhando na ro\u00e7a, passou por diversas fazendas cafeeirasem S\u00e3o Pauloe Paran\u00e1, at\u00e9 que chegouem Santa Mariana, no Paran\u00e1, junto com sua fam\u00edlia. Nessa cidade, os irm\u00e3os Tanaka prosperaram bastante, primeiro como cafeicultores e depois como comerciantes de caf\u00e9 e feij\u00e3o.<\/p>\n<p>Yoshikazu Tanaka, o irm\u00e3o mais velho, tinha 7 anos a mais de idade do que Susumu. Tendo trabalhado como rep\u00f3rter num pequeno jornal no Jap\u00e3o, estava mais habituado \u00e0 vida urbana, e tamb\u00e9m era o que tinha a sa\u00fade mais fr\u00e1gil dos tr\u00eas irm\u00e3os homens da fam\u00edlia. Por isso, Yoshikazu atuava mais com compras e vendas, viajando constantemente. O com\u00e9rcio de feij\u00e3o dos irm\u00e3os ia t\u00e3o bem, que quando Yoshikazu visitava a Bolsa de Cereais de S\u00e3o Paulo, era chamado de \u201cRei do Feij\u00e3o\u201d.<\/p>\n<p>Com o falecimento precoce do patriarca, o irm\u00e3o mais velho Yoshikazu assumiu todo o direcionamento dos neg\u00f3cios da fam\u00edlia, como acontecia entre os japoneses naquela \u00e9poca. Na d\u00e9cada de 50, o irm\u00e3o mais novo, Iwao, tinha uma serraria em Ura\u00ed, tamb\u00e9m no Paran\u00e1, e todos os neg\u00f3cios estavam indo bem. T\u00e3o bem que Susumu estava comprando uma fazenda cafeeira de 200 alqueiresem Corn\u00e9lio Proc\u00f3pio, mas no dia de fechar o neg\u00f3cio, na propriedade em quest\u00e3o, apareceu Yoshikazu de surpresa.<\/p>\n<p>\u201cVoc\u00ea vai mesmo comprar essa propriedade?\u201d, perguntou o mais velho. Depois de um r\u00e1pido di\u00e1logo, Susumu desistiu do neg\u00f3cio, porque Yoshikazu tinha uma id\u00e9ia que acabaria mudando a vida dos imigrantes japoneses no Brasil. Ele queria fundar uma sala de cinema!<\/p>\n<p>O idealista Yoshikazu Tanaka lutou muito, comprou o terreno da rua Galv\u00e3o Bueno e construiu um cinema do zero, sem ter tido qualquer experi\u00eancia anterior. Viajou ao Jap\u00e3o e fez acordo com a distribuidora Toei para exibir as pel\u00edculas dessa grande empresa, no momento em que o Jap\u00e3o vivia o \u201cboom\u201d de produ\u00e7\u00e3o cinematogr\u00e1fica. Parte das madeiras veio da serraria de Iwao, e o capital necess\u00e1rio saiu do com\u00e9rcio de feij\u00e3o de Santa Mariana. \u201cEsse cinema n\u00e3o foi constru\u00eddo de cimento, esse cinema foi feito com feij\u00e3o\u201d, teria dito Katsuzo Yamamoto, cerealista e amigo da fam\u00edlia, no discurso de inaugura\u00e7\u00e3o do cinema.<\/p>\n<p>O capital gasto foi surpreendente para a \u00e9poca. Al\u00e9m da grande sala de cinema de dois andares, com 1500 poltronas estofadas, no t\u00e9rreo, o pr\u00e9dio contava com um restaurante no primeiro andar; um hotel nos dois andares seguintes, e um sal\u00e3o de festas no \u00faltimo pavimento. Era um empreendimento que certamente encheu de orgulho, n\u00e3o s\u00f3 a fam\u00edlia Tanaka, como tamb\u00e9m toda comunidade japonesa, que sa\u00eda da triste situa\u00e7\u00e3o do p\u00f3s-guerra, quando o seu pa\u00eds foi derrotado. O ano era 1953, e o primeiro filme exibido foi \u201cGenji Monogatari\u201d, traduzido como \u201cOs Amores de Genji\u201d. Todos os filmes eram legendados e toda segunda feira entrava um novo filme no projetor. 20 mil pessoas passavam pela sala todas as semanas. Ao contemplar a alegria dos japoneses que lotavam sua casa, Yoshikazu resolveu ser ainda mais ousado para dar ainda mais alegria ao seu p\u00fablico: foi ao Jap\u00e3o buscar os protagonistas dos filmes para se apresentarem na estr\u00e9ia das pel\u00edculas. Isso aconteceu v\u00e1rias vezes, e um dos convidados foi Koji Tsuruta, um gal\u00e3 na \u00e9poca. Nessas ocasi\u00f5es, o convidado se hospedava no hotel da fam\u00edlia, e as recep\u00e7\u00f5es aconteciam na ampla sala da casa de Susumu. Sua filha, Zelinda, ainda se lembra dessas festas, quando a sua casa ficava cheia de destacadas personalidades da \u00e9poca.<\/p>\n<p>Com o sucesso do Niter\u00f3i, mais tr\u00eas salas surgiram no mesmo bairro para atender ao p\u00fablico nipo-brasileiro. Muitos filhos de agricultores vinham para estudar e trabalharem S\u00e3o Paulo, tendo como refer\u00eancia essas salas. E com isso, a Liberdade acabou se tornando o \u201cbairro japon\u00eas&#8221;.<\/p>\n<p>Comerciantes como Hirofumi Ikesaki, confessaram que se instalaram na regi\u00e3o atra\u00eddos pelo grande movimento do Cine Niter\u00f3i. Apesar da regi\u00e3o contar com a rua Conde de Sarzedas, onde se instalaram os primeiros imigrantes japonesesem S\u00e3o Paulo, durante a Segunda Guerra Mundial eles foram for\u00e7ados a deixarem o local, e no per\u00edodo p\u00f3s-guerra, muitos comerciantes se dirigiram para as proximidades da Pra\u00e7a da S\u00e9. A rua Senador Feij\u00f3, por exemplo, abrigava a ag\u00eancia n\u00famero 001 do Banco Am\u00e9rica do Sul.<\/p>\n<p>O empres\u00e1rio Katsuzo Yamamoto, aquele do discurso do feij\u00e3o, almo\u00e7ava seguidas vezes no restaurante do Niter\u00f3i, e foi l\u00e1 que reuniu seus amigos para tratar da funda\u00e7\u00e3o do Nippon Country Club, que aconteceria em 1960.<br \/>\nA \u00e9poca \u00e1urea do cinema passou, quando, em 1968, o local foi desapropriado para a constru\u00e7\u00e3o da Avenida Radial Leste-Oeste. Com o valor da indeniza\u00e7\u00e3o muito abaixo do real, a fam\u00edlia s\u00f3 p\u00f4de adquirir um pr\u00e9dio na Avenida Liberdade, onde antes funcionara o Cine Liberdade. Essa sala s\u00f3 tinha 933 lugares. Mesmo assim, a sala n\u00e3o lotava como antes e a obrigatoriedade de exibi\u00e7\u00e3o de filmes nacionais acabou por afastar o seu p\u00fablico. Em 1984, o Niter\u00f3i parou de importar filmes, e anos depois a sala foi fechada. Os demais concorrentes, J\u00f3ia e Nippon desapareceram na mesma d\u00e9cada. Nenhum resistiu \u00e0 chegada dos video-cassetes nas casas.<\/p>\n<p>Curiosidades<\/p>\n<p>1) Os amigos brasileiros de Susumu sempre perguntavam o por qu\u00ea do nome do cinema, pois Niter\u00f3i \u00e9 no Rio de Janeiro, estado que tem rivalidade com S\u00e3o Paulo. Susumu tinha uma resposta na ponta da l\u00edngua: Niter\u00f3i \u00e9 soma de Nitto e Her\u00f3i. Nitto \u00e9 Jap\u00e3o, portanto, significa \u201cHer\u00f3i do Jap\u00e3o\u201d!<\/p>\n<p>2) Outros cines que se especializaram em filmes japoneses: Tokyo (fundado em 1954 na Rua S\u00e3o Joaquim \u2013 hoje \u00e9 uma igreja evang\u00e9lica), J\u00f3ia (fundado em 1958, no final teve o nome de Shochiku na pra\u00e7a Carlos Gomes \u2013 hoje \u00e9 uma igreja evang\u00e9lica), Nippon (fundado em 1959 na rua Santa Luzia \u2013 hoje \u00e9 sede da Associa\u00e7\u00e3o Aichi Kenjin). Cada cinema representava uma grande companhia japonesa. Tokyo exibia filmes da Nikkatsu, Niter\u00f3i da Toei, Nippon da Shochiku, e J\u00f3ia da Toho.<\/p>\n<p>3) O Cine Nippon pertencia \u00e0 fam\u00edlia Mizumoto, que tinha (e tem) uma loja de presentes na rua Galvao Bueno. Depois do fechamento desse, ela assumiu o Cine J\u00f3ia, mudando de nome para Shochiku, que \u00e9 a companhia que representava.<\/p>\n<p>Autor: Francisco Noriyuki Sato<\/p>\n","protected":false},"excerpt":{"rendered":"<p>O Cine Niter\u00f3i foi o marco dos imigrantes japoneses no bairro da Liberdade,em S\u00e3o Paulo. Parafalar desse assunto, visitamos o sr. Susumu, \u00fanico sobrevivente dos irm\u00e3os da fam\u00edlia Tanaka, que foi propriet\u00e1ria do Niter\u00f3i. A entrevista correu bem, regado de bom humor. Dif\u00edcil acreditar que o entrevistado em quest\u00e3o tenha 92 anos! Susumu Tanaka nasceu <a href='http:\/\/www.imigracaojaponesa.com.br\/index.php\/entrevistas\/sussumu-tanaka\/' class='excerpt-more'>[&#8230;]<\/a><\/p>\n","protected":false},"author":1,"featured_media":0,"parent":75,"menu_order":0,"comment_status":"closed","ping_status":"closed","template":"","meta":{"ngg_post_thumbnail":0,"footnotes":""},"_links":{"self":[{"href":"http:\/\/www.imigracaojaponesa.com.br\/index.php\/wp-json\/wp\/v2\/pages\/209"}],"collection":[{"href":"http:\/\/www.imigracaojaponesa.com.br\/index.php\/wp-json\/wp\/v2\/pages"}],"about":[{"href":"http:\/\/www.imigracaojaponesa.com.br\/index.php\/wp-json\/wp\/v2\/types\/page"}],"author":[{"embeddable":true,"href":"http:\/\/www.imigracaojaponesa.com.br\/index.php\/wp-json\/wp\/v2\/users\/1"}],"replies":[{"embeddable":true,"href":"http:\/\/www.imigracaojaponesa.com.br\/index.php\/wp-json\/wp\/v2\/comments?post=209"}],"version-history":[{"count":3,"href":"http:\/\/www.imigracaojaponesa.com.br\/index.php\/wp-json\/wp\/v2\/pages\/209\/revisions"}],"predecessor-version":[{"id":305,"href":"http:\/\/www.imigracaojaponesa.com.br\/index.php\/wp-json\/wp\/v2\/pages\/209\/revisions\/305"}],"up":[{"embeddable":true,"href":"http:\/\/www.imigracaojaponesa.com.br\/index.php\/wp-json\/wp\/v2\/pages\/75"}],"wp:attachment":[{"href":"http:\/\/www.imigracaojaponesa.com.br\/index.php\/wp-json\/wp\/v2\/media?parent=209"}],"curies":[{"name":"wp","href":"https:\/\/api.w.org\/{rel}","templated":true}]}}