
{"id":377,"date":"2013-08-30T20:03:40","date_gmt":"2013-08-30T23:03:40","guid":{"rendered":"http:\/\/www.imigracaojaponesa.com.br\/?page_id=377"},"modified":"2013-09-02T21:11:42","modified_gmt":"2013-09-03T00:11:42","slug":"diogo-nomura","status":"publish","type":"page","link":"http:\/\/www.imigracaojaponesa.com.br\/index.php\/entrevistas\/politicos-nikkeis\/diogo-nomura\/","title":{"rendered":"Diogo Nomura"},"content":{"rendered":"<p style=\"text-align: justify;\"><img loading=\"lazy\" decoding=\"async\" class=\"alignright size-full wp-image-378\" alt=\"diogo-nomura\" src=\"http:\/\/www.imigracaojaponesa.com.br\/wp-content\/uploads\/2013\/08\/diogo-nomura.jpg\" width=\"347\" height=\"470\" srcset=\"http:\/\/www.imigracaojaponesa.com.br\/wp-content\/uploads\/2013\/08\/diogo-nomura.jpg 347w, http:\/\/www.imigracaojaponesa.com.br\/wp-content\/uploads\/2013\/08\/diogo-nomura-221x300.jpg 221w\" sizes=\"(max-width: 347px) 100vw, 347px\" \/>Filho primog\u00eanito de Hidekichi Nomura, agr\u00f4nomo que chegou ao Brasil em 1911, e Teru Nomura, ao dia 3 de mar\u00e7o de 1920, Diogo Nomura nasce em Registro, cidade onde a fam\u00edlia se estabeleceu.<\/p>\n<p style=\"text-align: justify;\">At\u00e9 os 12 anos, a grande dist\u00e2ncia da escola impedia que pudesse estudar regularmente. Trabalhando para manter os estudos, teve que abandonar o curso de Engenharia da Faculdade Polit\u00e9cnica da USP. Depois ingressou em Odontologia, formando-se na Faculdade de Odontologia da Universidade de S\u00e3o Paulo na turma de 1945.<\/p>\n<p style=\"text-align: justify;\">Assim, estabeleceu um consult\u00f3rio na cidade de Mar\u00edlia, onde se casou com Nobuko Umeda Nomura e teve tr\u00eas filhos. Dentre eles, Aur\u00e9lio Nomura.<\/p>\n<p style=\"text-align: justify;\">Sua carreira pol\u00edtica foi longa. Iniciou em 14 de outubro de 1951, quando foi eleito vereador em Mar\u00edlia pelo Partido Social Progressista (PSP). Foi l\u00edder do partido entre 1952 e 1955. Na sess\u00e3o legislativa de 1954 foi presidente da C\u00e2mara Municipal.<\/p>\n<p style=\"text-align: justify;\">Ao final desse per\u00edodo foi for\u00e7ado a afastar-se temporariamente da pol\u00edtica devido a um infarto, e assim n\u00e3o disputou reelei\u00e7\u00e3o.<\/p>\n<p>Oito anos depois foi eleito deputado estadual por S\u00e3o Paulo, pelo Partido Republicano (PR). Durante esse mandato, continuou com seus estudos, se formando em Direito, pela Faculdade de S\u00e3o Jos\u00e9 dos Campos, turma de 1965. Na d\u00e9cada de 1960 as rela\u00e7\u00f5es entre Jap\u00e3o e Brasil ganharam for\u00e7a com o intenso interc\u00e2mbio diplom\u00e1tico, cultural e econ\u00f4mico estabelecidos entre os dois pa\u00edses: foram assinados muitos conv\u00eanios. Nessa \u00e9poca chegaram ao Brasil muitas empresas japonesas.<\/p>\n<p>No final de 1964 integrou a miss\u00e3o parlamentar que visitou o Jap\u00e3o e a Rep\u00fablica da China a convite de seus governantes. Ao regressar, destacou a calorosa recep\u00e7\u00e3o das autoridades locais e relacionou as &#8220;empresas do Parque Industrial Nip\u00f4nico&#8221; estabelecidas no Brasil: Ishikawajima Harima (estaleiro e hidrel\u00e9tricas) na Guanabara; Yanmar Diesel (motores) em Indaiatuba; a Kubota em Piraporinha; a Ind\u00fastria de Tratores Marukiyu; Morinaga (caf\u00e9 sol\u00favel); Sony (eletr\u00f4nicos); e o Bank of Tokyo.<\/p>\n<p style=\"text-align: justify;\">Com a instaura\u00e7\u00e3o do bipartidarismo em 1966, filiou-se \u00e0 Alian\u00e7a Renovadora Nacional (Arena). Reelegeu-se em 15 de novembro desse ano e quatro anos depois elegeu-se deputado federal, tendo sido reeleito cinco vezes para esse cargo e permanecendo na fun\u00e7\u00e3o at\u00e9 1995.<\/p>\n<p style=\"text-align: justify;\">Na C\u00e2mara Federal chegou a presidir a Comiss\u00e3o de Rela\u00e7\u00f5es Exteriores e a ocupar a lideran\u00e7a da bancada federal, pela Arena. Foi tamb\u00e9m membro fundador e diretor dos grupos criados com a finalidade de estreitar as rela\u00e7\u00f5es do Brasil com a Alemanha, It\u00e1lia, Cor\u00e9ia, Taiwan, Jap\u00e3o, Paquist\u00e3o e outros. E exerceu a vice-presid\u00eancia do grupo parlamentar Brasil-Jap\u00e3o.<\/p>\n<p style=\"text-align: justify;\">Participou de diversas miss\u00f5es oficiais ao exterior, estando em mais de dez pa\u00edses, com destaque para o Jap\u00e3o, onde foi como membro das comitivas dos presidentes Ernesto Geisel (1976) e Jo\u00e3o Figueiredo (1984), e coordenou a visita do governador Paulo Maluf (1981). Realizou dezenas de confer\u00eancias e simp\u00f3sios no Brasil e no exterior e tamb\u00e9m participou da elabora\u00e7\u00e3o dos Conv\u00eanios da Fraternidade, realizados entre o estado de S\u00e3o Paulo com a prov\u00edncia de Gunma, Santa Catarina com Aomori, Mato Grosso do Sul com Okinawa, e Rio Grande do Sul com Shiga. Por v\u00e1rios anos comemorou o anivers\u00e1rio da imigra\u00e7\u00e3o japonesa, apresentando votos de congratula\u00e7\u00f5es \u00e0 col\u00f4nia.<\/p>\n<p style=\"text-align: justify;\">Diogo Nomura prestou homenagem a Ryo midzuno (Ryu Mizuno), o her\u00f3i da imigra\u00e7\u00e3o, que veio em viagem passando pelo Chile e Argentina. Mizuno chegou ao Brasil em 1906 e esteve com autoridades do governo central e de S\u00e3o Paulo a fim de realizar as mudan\u00e7as na legisla\u00e7\u00e3o para promover a imigra\u00e7\u00e3o japonesa. Em 1907, a Companhia Imperial de Emigra\u00e7\u00e3o e a Secretaria de Agricultura de S\u00e3o Paulo assinaram um contrato que objetivava a chegada de 3.000 japoneses ao longo de tr\u00eas anos. A vinda do Kasato-maru, com 781 imigrantes, concretizou essas negocia\u00e7\u00f5es. Mizuno ainda teve importante participa\u00e7\u00e3o no processo de estabelecimento dos imigrantes em S\u00e3o Paulo.<\/p>\n<p style=\"text-align: justify;\">Veio a falecer no dia 19 de maio de 2005.<\/p>\n<p style=\"text-align: justify;\"><em>Fonte: Os nikkeis na Assembl\u00e9ia de S\u00e3o Paulo<\/em><\/p>\n","protected":false},"excerpt":{"rendered":"<p>Filho primog\u00eanito de Hidekichi Nomura, agr\u00f4nomo que chegou ao Brasil em 1911, e Teru Nomura, ao dia 3 de mar\u00e7o de 1920, Diogo Nomura nasce em Registro, cidade onde a fam\u00edlia se estabeleceu. At\u00e9 os 12 anos, a grande dist\u00e2ncia da escola impedia que pudesse estudar regularmente. Trabalhando para manter os estudos, teve que abandonar <a href='http:\/\/www.imigracaojaponesa.com.br\/index.php\/entrevistas\/politicos-nikkeis\/diogo-nomura\/' class='excerpt-more'>[&#8230;]<\/a><\/p>\n","protected":false},"author":1,"featured_media":0,"parent":357,"menu_order":0,"comment_status":"closed","ping_status":"closed","template":"","meta":{"ngg_post_thumbnail":0,"footnotes":""},"_links":{"self":[{"href":"http:\/\/www.imigracaojaponesa.com.br\/index.php\/wp-json\/wp\/v2\/pages\/377"}],"collection":[{"href":"http:\/\/www.imigracaojaponesa.com.br\/index.php\/wp-json\/wp\/v2\/pages"}],"about":[{"href":"http:\/\/www.imigracaojaponesa.com.br\/index.php\/wp-json\/wp\/v2\/types\/page"}],"author":[{"embeddable":true,"href":"http:\/\/www.imigracaojaponesa.com.br\/index.php\/wp-json\/wp\/v2\/users\/1"}],"replies":[{"embeddable":true,"href":"http:\/\/www.imigracaojaponesa.com.br\/index.php\/wp-json\/wp\/v2\/comments?post=377"}],"version-history":[{"count":7,"href":"http:\/\/www.imigracaojaponesa.com.br\/index.php\/wp-json\/wp\/v2\/pages\/377\/revisions"}],"predecessor-version":[{"id":381,"href":"http:\/\/www.imigracaojaponesa.com.br\/index.php\/wp-json\/wp\/v2\/pages\/377\/revisions\/381"}],"up":[{"embeddable":true,"href":"http:\/\/www.imigracaojaponesa.com.br\/index.php\/wp-json\/wp\/v2\/pages\/357"}],"wp:attachment":[{"href":"http:\/\/www.imigracaojaponesa.com.br\/index.php\/wp-json\/wp\/v2\/media?parent=377"}],"curies":[{"name":"wp","href":"https:\/\/api.w.org\/{rel}","templated":true}]}}