
{"id":406,"date":"2013-09-02T16:01:50","date_gmt":"2013-09-02T19:01:50","guid":{"rendered":"http:\/\/www.imigracaojaponesa.com.br\/?page_id=406"},"modified":"2013-09-02T21:56:10","modified_gmt":"2013-09-03T00:56:10","slug":"paulo-kobayashi","status":"publish","type":"page","link":"http:\/\/www.imigracaojaponesa.com.br\/index.php\/entrevistas\/politicos-nikkeis\/paulo-kobayashi\/","title":{"rendered":"Paulo Kobayashi"},"content":{"rendered":"<p style=\"text-align: justify;\"><img loading=\"lazy\" decoding=\"async\" class=\"alignright size-full wp-image-407\" alt=\"paulo-kobayashi\" src=\"http:\/\/www.imigracaojaponesa.com.br\/wp-content\/uploads\/2013\/09\/paulo-kobayashi.jpg\" width=\"513\" height=\"335\" srcset=\"http:\/\/www.imigracaojaponesa.com.br\/wp-content\/uploads\/2013\/09\/paulo-kobayashi.jpg 513w, http:\/\/www.imigracaojaponesa.com.br\/wp-content\/uploads\/2013\/09\/paulo-kobayashi-300x195.jpg 300w\" sizes=\"(max-width: 513px) 100vw, 513px\" \/>Primeiro dos sete filhos dos imigrantes Shigueo e Sumyo, Paulo Seiti Kobayashi nasceu em Ribeir\u00e3o Pires no dia 30 de junho de 1945. Ainda jovem come\u00e7ou a dar aulas na col\u00f4nia japonesa do Macuco, em Campinas. Em 1962 chegou \u00e0 cidade de S\u00e3o Paulo, onde fez o curso de madureza (supletivo) no Col\u00e9gio Santa In\u00eas, escola em que posteriormente se tornou professor. Logo mostrou talento para o magist\u00e9rio e assim graduou-se pela Pontif\u00edcia Universidade Cat\u00f3lica de S\u00e3o Paulo (PUC\/SP) em geografia, disciplina que lecionou por quase vinte anos no curso Objetivo.<\/p>\n<p style=\"text-align: justify;\">Sua inclina\u00e7\u00e3o para a pol\u00edtica j\u00e1 era vis\u00edvel ao exercer o cargo de vice-presidente do diret\u00f3rio acad\u00eamico nos anos de 1966 e 1967.<\/p>\n<p style=\"text-align: justify;\">Paulo Kobayashi criticava constantemente as pol\u00edticas do governo militar. Atacou os casu\u00edsmos que buscavam assegurar o controle do governo central sobre o processo eleitoral e as maiorias no Legislativo. Falou sobre a promulga\u00e7\u00e3o da Lei Falc\u00e3o, que dava uma nova reda\u00e7\u00e3o ao artigo 250 do C\u00f3digo Eleitoral. Elaborada pelo ministro da Justi\u00e7a, Armando Falc\u00e3o, ela permitia que a divulga\u00e7\u00e3o pela televis\u00e3o fosse feita apenas com a foto, legenda, curr\u00edculo e n\u00famero de registro do candidato, o que impedia o debate pol\u00edtico. Kobayashi observou que isso aumentaria a apatia e o desinteresse popular, al\u00e9m de dificultar a politiza\u00e7\u00e3o do povo. Criticou o fechamento do Congresso Nacional por ter rejeitado a proposta de reforma do Judici\u00e1rio em 1977. No ano seguinte, 1978, voltou a defender o pluripartidarismo e as elei\u00e7\u00f5es diretas. Segundo ele, o recesso do Congresso Nacional, determinado pelo governo, mostrou ao povo que ao Legislativo cabe apenas &#8220;homologar, legitimar decis\u00f5es planejadas por tecnocratas&#8221;. Tamb\u00e9m criticou a implanta\u00e7\u00e3o do Pacote de Abril, uma s\u00e9rie de medidas governamentais que inclu\u00eda a Emenda Constitucional n\u00ba 8\/1977, determinando que um em cada tr\u00eas senadores deveria ser eleito indiretamente por um col\u00e9gio eleitoral (os &#8220;senadores bi\u00f4nicos&#8221;).<\/p>\n<p style=\"text-align: justify;\">O primeiro mandato legislativo de Paulo Kobayashi foi e deputado estadual em 1974. Elegeu-se novamente para o parlamento paulista em 1982 e em 1994. Professor com grande prest\u00edgio, tinha nos alunos a sua principal base eleitoral, al\u00e9m de contar com o apoio da comunidade japonesa.<\/p>\n<p style=\"text-align: justify;\">Em agosto de 1977 leu em plen\u00e1rio a &#8220;Carta aos Brasileiros&#8221;, manifesto hist\u00f3rico assinado por v\u00e1rios juristas, que exigiam o estabelecimento imediato do Estado de direito e da democracia. O documento foi divulgado no p\u00e1tio da Faculdade de Direito da Universidade de S\u00e3o Paulo, no largo de S\u00e3o Francisco, pelo professor Goffredo da Silva Telles.<\/p>\n<p style=\"text-align: justify;\">Em 1988 ajudou a fundar o Partido da Social Democracia Brasileira (PSDB) e conquistou uma vaga de vereador da capital paulista. Foi escolhido vice-presidente da C\u00e2mara Municipal em 1988 e presidente em 1992. Nesse per\u00edodo foi tamb\u00e9m presidente do Diret\u00f3rio Municipal do PSDB de S\u00e3o Paulo. Reelegeu-se vereador em 1992 e renunciou para assumir mais um mandato como deputado estadual.<\/p>\n<p style=\"text-align: justify;\">Uma \u00e1rea priorit\u00e1ria em suas a\u00e7\u00f5es foi a da educa\u00e7\u00e3o. Em 1995 prop\u00f4s a cria\u00e7\u00e3o do programa F\u00e9rias na Escola para os per\u00edodos de recesso escolar e apresentou o Programa de atualiza\u00e7\u00e3o e Capacita\u00e7\u00e3o de Professores da Rede Estadual em 1997.<\/p>\n<p style=\"text-align: justify;\">No ano de 1998 elegia-se deputado federal, e a\u00ed coordenou a bancada paulista na C\u00e2mara Federal e se reelegeu quatro anos depois. Fez parte das seguintes comiss\u00f5es: Defesa do Consumidor, Ind\u00fastria e Com\u00e9rcio, Cultura e Desporto, Educa\u00e7\u00e3o e Cultura, Rela\u00e7\u00f5es Exteriores, e Defesa Nacional. Integrou tamb\u00e9m diversas comiss\u00f5es especiais, como a dos Precat\u00f3rios e a da Prorroga\u00e7\u00e3o da Contribui\u00e7\u00e3o Provis\u00f3ria sobre a Movimenta\u00e7\u00e3o ou Transmiss\u00e3o de Valores e de Cr\u00e9ditos e Direitos de Natureza Financeira (CPMF).<\/p>\n<p style=\"text-align: justify;\">Segundo declararam seus familiares, sonhava em ser o primeiro nikkei presidente da C\u00e2mara Federal, tornando-se tamb\u00e9m o primeiro descendente de japoneses a presidir o Legislativo nas tr\u00eas esferas de governo. Mas n\u00e3o chegou a exercer seu objetivo: faleceu no exerc\u00edcio do segundo mandato de deputado federal, ao dia 26 de abril de 2005, v\u00edtima de c\u00e2ncer.<\/p>\n<p style=\"text-align: justify;\">Foi casado com Iekleng Kho Kobayashi, com quem teve dois filhos, dentre eles Victor Kobayashi.<\/p>\n<p style=\"text-align: justify;\"><em>Fonte: Os nikkeis na Assembl\u00e9ia de S\u00e3o Paulo<\/em><\/p>\n","protected":false},"excerpt":{"rendered":"<p>Primeiro dos sete filhos dos imigrantes Shigueo e Sumyo, Paulo Seiti Kobayashi nasceu em Ribeir\u00e3o Pires no dia 30 de junho de 1945. Ainda jovem come\u00e7ou a dar aulas na col\u00f4nia japonesa do Macuco, em Campinas. Em 1962 chegou \u00e0 cidade de S\u00e3o Paulo, onde fez o curso de madureza (supletivo) no Col\u00e9gio Santa In\u00eas, <a href='http:\/\/www.imigracaojaponesa.com.br\/index.php\/entrevistas\/politicos-nikkeis\/paulo-kobayashi\/' class='excerpt-more'>[&#8230;]<\/a><\/p>\n","protected":false},"author":1,"featured_media":0,"parent":357,"menu_order":0,"comment_status":"closed","ping_status":"closed","template":"","meta":{"ngg_post_thumbnail":0,"footnotes":""},"_links":{"self":[{"href":"http:\/\/www.imigracaojaponesa.com.br\/index.php\/wp-json\/wp\/v2\/pages\/406"}],"collection":[{"href":"http:\/\/www.imigracaojaponesa.com.br\/index.php\/wp-json\/wp\/v2\/pages"}],"about":[{"href":"http:\/\/www.imigracaojaponesa.com.br\/index.php\/wp-json\/wp\/v2\/types\/page"}],"author":[{"embeddable":true,"href":"http:\/\/www.imigracaojaponesa.com.br\/index.php\/wp-json\/wp\/v2\/users\/1"}],"replies":[{"embeddable":true,"href":"http:\/\/www.imigracaojaponesa.com.br\/index.php\/wp-json\/wp\/v2\/comments?post=406"}],"version-history":[{"count":6,"href":"http:\/\/www.imigracaojaponesa.com.br\/index.php\/wp-json\/wp\/v2\/pages\/406\/revisions"}],"predecessor-version":[{"id":483,"href":"http:\/\/www.imigracaojaponesa.com.br\/index.php\/wp-json\/wp\/v2\/pages\/406\/revisions\/483"}],"up":[{"embeddable":true,"href":"http:\/\/www.imigracaojaponesa.com.br\/index.php\/wp-json\/wp\/v2\/pages\/357"}],"wp:attachment":[{"href":"http:\/\/www.imigracaojaponesa.com.br\/index.php\/wp-json\/wp\/v2\/media?parent=406"}],"curies":[{"name":"wp","href":"https:\/\/api.w.org\/{rel}","templated":true}]}}