
{"id":418,"date":"2013-09-02T16:15:02","date_gmt":"2013-09-02T19:15:02","guid":{"rendered":"http:\/\/www.imigracaojaponesa.com.br\/?page_id=418"},"modified":"2013-09-02T21:58:35","modified_gmt":"2013-09-03T00:58:35","slug":"getulio-hanashiro","status":"publish","type":"page","link":"http:\/\/www.imigracaojaponesa.com.br\/index.php\/entrevistas\/politicos-nikkeis\/getulio-hanashiro\/","title":{"rendered":"Get\u00falio Hanashiro"},"content":{"rendered":"<p style=\"text-align: justify;\"><img loading=\"lazy\" decoding=\"async\" class=\"alignright size-full wp-image-419\" alt=\"getulio-hanashiro\" src=\"http:\/\/www.imigracaojaponesa.com.br\/wp-content\/uploads\/2013\/09\/getulio-hanashiro.jpg\" width=\"606\" height=\"404\" srcset=\"http:\/\/www.imigracaojaponesa.com.br\/wp-content\/uploads\/2013\/09\/getulio-hanashiro.jpg 606w, http:\/\/www.imigracaojaponesa.com.br\/wp-content\/uploads\/2013\/09\/getulio-hanashiro-300x200.jpg 300w\" sizes=\"(max-width: 606px) 100vw, 606px\" \/>Get\u00falio Hanashiro nasceu no dia 19 de abril de 1943, filho de Seian Hanashiro e Yoshiko Hanashiro. Sua fam\u00edlia, ao chegar ao Brasil, instalou-se no munic\u00edpio de Itariri (SP), local onde nasceu. Iniciaram como plantadores de banana, tornando-se os maiores exportadores da fruta para a Argentina nos anos 1950.<\/p>\n<p style=\"text-align: justify;\">Em 1950 mudou-se para a capital, onde ingressou no Grupo Escolar Almirante Barroso. Mais tarde, estudou no Col\u00e9gio Jabaquara e depois no Col\u00e9gio Barroso, onde iniciou sua milit\u00e2ncia pol\u00edtica atrav\u00e9s do movimento estudantil. Nessa escola foi secret\u00e1rio-geral e tesoureiro do gr\u00eamio. Depois entrou na Escola de Sociologia e Pol\u00edtica da Universidade de S\u00e3o Paulo (USP), onde em 1965 foi eleito vice-presidente da Uni\u00e3o Estadual dos Estudantes (UEE).<\/p>\n<p style=\"text-align: justify;\">Militando ativamente na oposi\u00e7\u00e3o ao governo militar, chegou a ser detido para interrogat\u00f3rio. Na imin\u00eancia de ser preso, exilou-se no Chile. Seu processo foi o primeiro a ter julgamento marcado com base no AI-5.<\/p>\n<p style=\"text-align: justify;\">Durante seus anos no Chile foi professor e concluiu a p\u00f3s-gradua\u00e7\u00e3o em Ci\u00eancia Pol\u00edtica e Administra\u00e7\u00e3o P\u00fablica.<\/p>\n<p style=\"text-align: justify;\">Regressou ao Brasil em 1975, e logo ap\u00f3s a sua volta foi contratado pela Companhia do Metropolitano de S\u00e3o Paulo (Metr\u00f4) com o objetivo de criar a Companhia de Engenharia de Tr\u00e1fego (CET).<\/p>\n<p style=\"text-align: justify;\">Em 1982 foi eleito vereador em S\u00e3o Paulo, com votos vindos da comunidade japonesa, de sua milit\u00e2ncia pol\u00edtica e de seu perfil de administrador p\u00fablico.<\/p>\n<p style=\"text-align: justify;\">Em 1985 ocupou seu primeiro cargo no Executivo: foi nomeado secret\u00e1rio municipal de Transportes na gest\u00e3o M\u00e1rio Covas. Em 1986 elegeu-se deputado estadual, mas afastou do cargo em 1987 para ser secret\u00e1rio dos Neg\u00f3cios Metropolitanos do Estado, no governo Orestes Qu\u00e9rcia. Com especializa\u00e7\u00e3o reconhecida em administra\u00e7\u00e3o p\u00fablica, foi requisitado por diferentes governos.<\/p>\n<p style=\"text-align: justify;\">Em 1990 apresentou o Projeto de Lei 163\/1990, garantindo o transporte coletivo gratuito para as pessoas com mais de 65 anos de idade. No ano seguinte ampliou a proposta garantindo gratuidade nos transportes coletivos do sistema metrovi\u00e1rio, ferrovi\u00e1rio, de tr\u00f3lebus e de \u00f4nibus nas regi\u00f5es metropolitanas aglomera\u00e7\u00f5es urbanas do Estado.<\/p>\n<p style=\"text-align: justify;\">De 1993 a 1994 foi secret\u00e1rio municipal dos Transportes na administra\u00e7\u00e3o de Paulo Maluf. No ano seguinte, ocupou a pasta da Sa\u00fade na prefeitura. Em 1998 retornou \u00e0 fun\u00e7\u00e3o de secret\u00e1rio municipal dos Transportes, permanecendo at\u00e9 2000.<\/p>\n<p style=\"text-align: justify;\">No Executivo, desenvolveu projetos como a concep\u00e7\u00e3o do Programa de Assist\u00eancia \u00e0 Sa\u00fade (PAS), o Fura-Fila, e o primeiro corredor de \u00f4nibus de S\u00e3o Paulo.<\/p>\n<p style=\"text-align: justify;\">\u00c9 casado com Silvia Machado Portella Hanashiro e tem tr\u00eas filhos.<\/p>\n<p style=\"text-align: justify;\"><em>Fonte: Os nikkeis na Assembl\u00e9ia de S\u00e3o Paulo<\/em><\/p>\n","protected":false},"excerpt":{"rendered":"<p>Get\u00falio Hanashiro nasceu no dia 19 de abril de 1943, filho de Seian Hanashiro e Yoshiko Hanashiro. Sua fam\u00edlia, ao chegar ao Brasil, instalou-se no munic\u00edpio de Itariri (SP), local onde nasceu. Iniciaram como plantadores de banana, tornando-se os maiores exportadores da fruta para a Argentina nos anos 1950. Em 1950 mudou-se para a capital, <a href='http:\/\/www.imigracaojaponesa.com.br\/index.php\/entrevistas\/politicos-nikkeis\/getulio-hanashiro\/' class='excerpt-more'>[&#8230;]<\/a><\/p>\n","protected":false},"author":1,"featured_media":0,"parent":357,"menu_order":0,"comment_status":"closed","ping_status":"closed","template":"","meta":{"ngg_post_thumbnail":0,"footnotes":""},"_links":{"self":[{"href":"http:\/\/www.imigracaojaponesa.com.br\/index.php\/wp-json\/wp\/v2\/pages\/418"}],"collection":[{"href":"http:\/\/www.imigracaojaponesa.com.br\/index.php\/wp-json\/wp\/v2\/pages"}],"about":[{"href":"http:\/\/www.imigracaojaponesa.com.br\/index.php\/wp-json\/wp\/v2\/types\/page"}],"author":[{"embeddable":true,"href":"http:\/\/www.imigracaojaponesa.com.br\/index.php\/wp-json\/wp\/v2\/users\/1"}],"replies":[{"embeddable":true,"href":"http:\/\/www.imigracaojaponesa.com.br\/index.php\/wp-json\/wp\/v2\/comments?post=418"}],"version-history":[{"count":3,"href":"http:\/\/www.imigracaojaponesa.com.br\/index.php\/wp-json\/wp\/v2\/pages\/418\/revisions"}],"predecessor-version":[{"id":421,"href":"http:\/\/www.imigracaojaponesa.com.br\/index.php\/wp-json\/wp\/v2\/pages\/418\/revisions\/421"}],"up":[{"embeddable":true,"href":"http:\/\/www.imigracaojaponesa.com.br\/index.php\/wp-json\/wp\/v2\/pages\/357"}],"wp:attachment":[{"href":"http:\/\/www.imigracaojaponesa.com.br\/index.php\/wp-json\/wp\/v2\/media?parent=418"}],"curies":[{"name":"wp","href":"https:\/\/api.w.org\/{rel}","templated":true}]}}