
{"id":428,"date":"2013-09-02T16:24:13","date_gmt":"2013-09-02T19:24:13","guid":{"rendered":"http:\/\/www.imigracaojaponesa.com.br\/?page_id=428"},"modified":"2013-09-02T16:24:13","modified_gmt":"2013-09-02T19:24:13","slug":"junji-abe","status":"publish","type":"page","link":"http:\/\/www.imigracaojaponesa.com.br\/index.php\/entrevistas\/politicos-nikkeis\/junji-abe\/","title":{"rendered":"Junji Abe"},"content":{"rendered":"<p style=\"text-align: justify;\"><img loading=\"lazy\" decoding=\"async\" class=\"alignright size-full wp-image-429\" alt=\"junji-abe\" src=\"http:\/\/www.imigracaojaponesa.com.br\/wp-content\/uploads\/2013\/09\/junji-abe.jpg\" width=\"501\" height=\"339\" srcset=\"http:\/\/www.imigracaojaponesa.com.br\/wp-content\/uploads\/2013\/09\/junji-abe.jpg 501w, http:\/\/www.imigracaojaponesa.com.br\/wp-content\/uploads\/2013\/09\/junji-abe-300x202.jpg 300w\" sizes=\"(max-width: 501px) 100vw, 501px\" \/>Junji Abe nasceu em Biritiba Ussu, em Mogi das Cruzes, no dia 15 de dezembro de 1940, filho de Izumi Abe e Fumica Abe.<\/p>\n<p style=\"text-align: justify;\">A hist\u00f3ria da fam\u00edlia Abe no Brasil come\u00e7a quando seu av\u00f4 Tokuji Abe, marujo mercante da Companhia Osaka de Navega\u00e7\u00e3o conheceu em suas viagens os arredores da cidade de S\u00e3o Paulo. Gostou tanto da regi\u00e3o que emigrou.<\/p>\n<p style=\"text-align: justify;\">Tokuji fixou resid\u00eancia em Mogi das Cruzes, junto de sua esposa Makie e seus dois filhos. No in\u00edcio, a fam\u00edlia se dedicou ao trabalho na lavoura em uma pequena \u00e1rea arrendada. Em apenas sete anos tornou-se propriet\u00e1ria de 120 hectares no bairro rural de Biritiba Ussu, e entre as d\u00e9cadas de 60 e 80 adquiriu mais 230 hectares, passando a ser uma das maiores produtoras de repolho e batata-doce de todo o pa\u00eds.<\/p>\n<p style=\"text-align: justify;\">A fam\u00edlia Abe teve o seu trabalho reconhecido: em 1960 Tokuji recebeu o t\u00edtulo honor\u00edfico de \u201cCidad\u00e3o Mogiano\u201d, em 1979 Izumi recebeu a mesma honor\u00e1ria, e em 1995 Junji foi homenageado pelo Poder Legislativo com o t\u00edtulo de \u201cHonra ao M\u00e9rito\u201d.<br \/>\nSua vida p\u00fablica iniciou em 1972, quando foi eleito vereador em sua cidade. Em 1980 assumi a presid\u00eancia do Sindicato Rural de Mogi das Cruzes, permanecendo nessa fun\u00e7\u00e3o at\u00e9 2000, quando disputou e venceu as elei\u00e7\u00f5es municipais de Mogi das Cruzes. Foi deputado estadual nas legislaturas de 1990, 1994 e 1998. Na primeira vez que disputou uma vaga no legislativo era filiado ao Partido Democr\u00e1tico Social (PDS), depois em 1991 filiou-se ao Partido da Frente Liberal (PFL), e tr\u00eas anos depois mudou para o Partido Liberal (PL), mais tarde retornando ao PFL.<\/p>\n<p style=\"text-align: justify;\">Em 2000 elegeu-se prefeito de Mogi das Cruzes pelo Partido da Social Democracia Brasileira (PSDB), sendo reeleito em 2004. Nesse per\u00edodo tamb\u00e9m foi o presidente da Associa\u00e7\u00e3o dos Munic\u00edpios do Alto Tiet\u00ea (AMAT).<\/p>\n<p style=\"text-align: justify;\">\u00c9 casado com Elza Tomico Abe e tem tr\u00eas filhos.<\/p>\n<p style=\"text-align: justify;\"><em>Fonte: Os nikkeis na Assembl\u00e9ia de S\u00e3o Paulo<\/em><\/p>\n","protected":false},"excerpt":{"rendered":"<p>Junji Abe nasceu em Biritiba Ussu, em Mogi das Cruzes, no dia 15 de dezembro de 1940, filho de Izumi Abe e Fumica Abe. A hist\u00f3ria da fam\u00edlia Abe no Brasil come\u00e7a quando seu av\u00f4 Tokuji Abe, marujo mercante da Companhia Osaka de Navega\u00e7\u00e3o conheceu em suas viagens os arredores da cidade de S\u00e3o Paulo. <a href='http:\/\/www.imigracaojaponesa.com.br\/index.php\/entrevistas\/politicos-nikkeis\/junji-abe\/' class='excerpt-more'>[&#8230;]<\/a><\/p>\n","protected":false},"author":1,"featured_media":0,"parent":357,"menu_order":0,"comment_status":"closed","ping_status":"closed","template":"","meta":{"ngg_post_thumbnail":0,"footnotes":""},"_links":{"self":[{"href":"http:\/\/www.imigracaojaponesa.com.br\/index.php\/wp-json\/wp\/v2\/pages\/428"}],"collection":[{"href":"http:\/\/www.imigracaojaponesa.com.br\/index.php\/wp-json\/wp\/v2\/pages"}],"about":[{"href":"http:\/\/www.imigracaojaponesa.com.br\/index.php\/wp-json\/wp\/v2\/types\/page"}],"author":[{"embeddable":true,"href":"http:\/\/www.imigracaojaponesa.com.br\/index.php\/wp-json\/wp\/v2\/users\/1"}],"replies":[{"embeddable":true,"href":"http:\/\/www.imigracaojaponesa.com.br\/index.php\/wp-json\/wp\/v2\/comments?post=428"}],"version-history":[{"count":2,"href":"http:\/\/www.imigracaojaponesa.com.br\/index.php\/wp-json\/wp\/v2\/pages\/428\/revisions"}],"predecessor-version":[{"id":431,"href":"http:\/\/www.imigracaojaponesa.com.br\/index.php\/wp-json\/wp\/v2\/pages\/428\/revisions\/431"}],"up":[{"embeddable":true,"href":"http:\/\/www.imigracaojaponesa.com.br\/index.php\/wp-json\/wp\/v2\/pages\/357"}],"wp:attachment":[{"href":"http:\/\/www.imigracaojaponesa.com.br\/index.php\/wp-json\/wp\/v2\/media?parent=428"}],"curies":[{"name":"wp","href":"https:\/\/api.w.org\/{rel}","templated":true}]}}