
{"id":438,"date":"2013-09-02T16:29:28","date_gmt":"2013-09-02T19:29:28","guid":{"rendered":"http:\/\/www.imigracaojaponesa.com.br\/?page_id=438"},"modified":"2013-09-02T16:29:28","modified_gmt":"2013-09-02T19:29:28","slug":"jorge-massayumi-tokuzumi","status":"publish","type":"page","link":"http:\/\/www.imigracaojaponesa.com.br\/index.php\/entrevistas\/politicos-nikkeis\/jorge-massayumi-tokuzumi\/","title":{"rendered":"Jorge Massayumi Tokuzumi"},"content":{"rendered":"<p style=\"text-align: justify;\"><img loading=\"lazy\" decoding=\"async\" class=\"alignright size-full wp-image-439\" alt=\"jorge-massayuki-tokuzumi\" src=\"http:\/\/www.imigracaojaponesa.com.br\/wp-content\/uploads\/2013\/09\/jorge-massayuki-tokuzumi.jpg\" width=\"344\" height=\"400\" srcset=\"http:\/\/www.imigracaojaponesa.com.br\/wp-content\/uploads\/2013\/09\/jorge-massayuki-tokuzumi.jpg 344w, http:\/\/www.imigracaojaponesa.com.br\/wp-content\/uploads\/2013\/09\/jorge-massayuki-tokuzumi-258x300.jpg 258w\" sizes=\"(max-width: 344px) 100vw, 344px\" \/>Nascido em Mogi das Cruzes no dia 17 de agosto de 1951 e filho de Ioshihissa Tokuzumi e Maria Bajo Tokuzumi, Jorge Massayumi Tokuzumi formou-se em Direito pela Universidade Br\u00e1s Cubas.<\/p>\n<p style=\"text-align: justify;\">Estabelecido em Suzano, trabalhou na prefeitura municipal, onde foi chefe de departamento de servi\u00e7o municipal em 1987. Em 1988 foi eleito vereador pelo Partido do Movimento Democr\u00e1tico Brasileiro (PMDB). Foi presidente do Diret\u00f3rio Municipal do PMDB em Suzano de 1988 a 1990 e tamb\u00e9m delegado da Conven\u00e7\u00e3o Nacional do mesmo partido em 1988. Em 1988 ingressou no Partido da Reedifica\u00e7\u00e3o da Ordem Nacional (PRONA) e disputou elei\u00e7\u00e3o a deputado estadual, ficando na 1\u00aa supl\u00eancia do PRONA e assumindo o cargo em decorr\u00eancia da ren\u00fancia do deputado Ramiro Neves.<br \/>\nIndicou a instala\u00e7\u00e3o de uma unidade do Instituto de Criminal\u00edstica, que atenderia tamb\u00e9m as cidades pr\u00f3ximas, dentro do Centro de Deten\u00e7\u00e3o Provis\u00f3rio inaugurado em 2003. Tamb\u00e9m defendeu a instala\u00e7\u00e3o de um Poupatempo e de um campus avan\u00e7ado da Universidade de S\u00e3o Paulo em Suzano.<\/p>\n<p style=\"text-align: justify;\">\u00c9 casado com Carolina Kauro Yokota Tokuzumi.<\/p>\n<p style=\"text-align: justify;\"><em>Fonte: Os nikkeis na Assembl\u00e9ia de S\u00e3o Paulo<\/em><\/p>\n","protected":false},"excerpt":{"rendered":"<p>Nascido em Mogi das Cruzes no dia 17 de agosto de 1951 e filho de Ioshihissa Tokuzumi e Maria Bajo Tokuzumi, Jorge Massayumi Tokuzumi formou-se em Direito pela Universidade Br\u00e1s Cubas. Estabelecido em Suzano, trabalhou na prefeitura municipal, onde foi chefe de departamento de servi\u00e7o municipal em 1987. Em 1988 foi eleito vereador pelo Partido <a href='http:\/\/www.imigracaojaponesa.com.br\/index.php\/entrevistas\/politicos-nikkeis\/jorge-massayumi-tokuzumi\/' class='excerpt-more'>[&#8230;]<\/a><\/p>\n","protected":false},"author":1,"featured_media":0,"parent":357,"menu_order":0,"comment_status":"closed","ping_status":"closed","template":"","meta":{"ngg_post_thumbnail":0,"footnotes":""},"_links":{"self":[{"href":"http:\/\/www.imigracaojaponesa.com.br\/index.php\/wp-json\/wp\/v2\/pages\/438"}],"collection":[{"href":"http:\/\/www.imigracaojaponesa.com.br\/index.php\/wp-json\/wp\/v2\/pages"}],"about":[{"href":"http:\/\/www.imigracaojaponesa.com.br\/index.php\/wp-json\/wp\/v2\/types\/page"}],"author":[{"embeddable":true,"href":"http:\/\/www.imigracaojaponesa.com.br\/index.php\/wp-json\/wp\/v2\/users\/1"}],"replies":[{"embeddable":true,"href":"http:\/\/www.imigracaojaponesa.com.br\/index.php\/wp-json\/wp\/v2\/comments?post=438"}],"version-history":[{"count":1,"href":"http:\/\/www.imigracaojaponesa.com.br\/index.php\/wp-json\/wp\/v2\/pages\/438\/revisions"}],"predecessor-version":[{"id":440,"href":"http:\/\/www.imigracaojaponesa.com.br\/index.php\/wp-json\/wp\/v2\/pages\/438\/revisions\/440"}],"up":[{"embeddable":true,"href":"http:\/\/www.imigracaojaponesa.com.br\/index.php\/wp-json\/wp\/v2\/pages\/357"}],"wp:attachment":[{"href":"http:\/\/www.imigracaojaponesa.com.br\/index.php\/wp-json\/wp\/v2\/media?parent=438"}],"curies":[{"name":"wp","href":"https:\/\/api.w.org\/{rel}","templated":true}]}}