
{"id":45,"date":"2012-04-16T14:35:02","date_gmt":"2012-04-16T17:35:02","guid":{"rendered":"http:\/\/www.imigracaojaponesa.com.br\/imigracaojaponesa2012\/?page_id=45"},"modified":"2025-05-06T11:51:12","modified_gmt":"2025-05-06T14:51:12","slug":"home","status":"publish","type":"page","link":"http:\/\/www.imigracaojaponesa.com.br\/","title":{"rendered":"Como buscar seus antepassados imigrantes japoneses"},"content":{"rendered":"<p><a href=\"http:\/\/www.museudaimigracao.org.br\/acervodigital\/livros.php\" target=\"_blank\" rel=\"noopener noreferrer\"><img loading=\"lazy\" decoding=\"async\" class=\"size-thumbnail wp-image-332 alignleft\" style=\"border: 2px;\" src=\"http:\/\/www.imigracaojaponesa.com.br\/wp-content\/uploads\/2012\/04\/busca-memorial-do-imigrante-150x150.jpg\" alt=\"Memorial do Imigrante\" width=\"150\" height=\"150\" srcset=\"http:\/\/www.imigracaojaponesa.com.br\/wp-content\/uploads\/2012\/04\/busca-memorial-do-imigrante-150x150.jpg 150w, http:\/\/www.imigracaojaponesa.com.br\/wp-content\/uploads\/2012\/04\/busca-memorial-do-imigrante-96x96.jpg 96w, http:\/\/www.imigracaojaponesa.com.br\/wp-content\/uploads\/2012\/04\/busca-memorial-do-imigrante-24x24.jpg 24w, http:\/\/www.imigracaojaponesa.com.br\/wp-content\/uploads\/2012\/04\/busca-memorial-do-imigrante-36x36.jpg 36w, http:\/\/www.imigracaojaponesa.com.br\/wp-content\/uploads\/2012\/04\/busca-memorial-do-imigrante-48x48.jpg 48w, http:\/\/www.imigracaojaponesa.com.br\/wp-content\/uploads\/2012\/04\/busca-memorial-do-imigrante-64x64.jpg 64w\" sizes=\"(max-width: 150px) 100vw, 150px\" \/><\/a><\/p>\n<p>Passados 130 anos desde o in\u00edcio da imigra\u00e7\u00e3o japonesa no Brasil, muitas fam\u00edlias querem saber como o seu av\u00f4 ou bisav\u00f4 chegou ao Brasil, e quem veio com ele. Para facilitar essa busca, duas entidades possibilitam a localiza\u00e7\u00e3o gratuita desses dados.<\/p>\n<p>O<a href=\"https:\/\/www.museudaimigracao.org.br\/acervo\/registro-de-matricula\" target=\"_blank\" rel=\"noopener noreferrer\"> site do Memorial<\/a> permite que voc\u00ea localize o imigrante pelo nome, sobrenome, ano de chegada e\/ou o nome do navio. Como h\u00e1 falhas na digita\u00e7\u00e3o na convers\u00e3o do documento manuscrito, \u00e9 prefer\u00edvel tentar apenas com um desses dados. Mas a grande falha desse banco de dados \u00e9 a completa aus\u00eancia de imigrantes japoneses que chegaram entre os anos de 1931 a 1935, justamente o per\u00edodo anterior \u00e0 2\u00aa Guerra, em que vieram mais estrangeiros ao Brasil.<\/p>\n<p><a href=\"http:\/\/www.museubunkyo.org.br\/ashiato\/web2\/imigrantes.asp\" target=\"_blank\" rel=\"noopener noreferrer\"><img loading=\"lazy\" decoding=\"async\" class=\"size-thumbnail wp-image-333 alignleft\" src=\"http:\/\/www.imigracaojaponesa.com.br\/wp-content\/uploads\/2012\/04\/busca-imigrante-japones-150x150.jpg\" alt=\"Site Ashiato\" width=\"150\" height=\"150\" srcset=\"http:\/\/www.imigracaojaponesa.com.br\/wp-content\/uploads\/2012\/04\/busca-imigrante-japones-150x150.jpg 150w, http:\/\/www.imigracaojaponesa.com.br\/wp-content\/uploads\/2012\/04\/busca-imigrante-japones-96x96.jpg 96w, http:\/\/www.imigracaojaponesa.com.br\/wp-content\/uploads\/2012\/04\/busca-imigrante-japones-24x24.jpg 24w, http:\/\/www.imigracaojaponesa.com.br\/wp-content\/uploads\/2012\/04\/busca-imigrante-japones-36x36.jpg 36w, http:\/\/www.imigracaojaponesa.com.br\/wp-content\/uploads\/2012\/04\/busca-imigrante-japones-48x48.jpg 48w, http:\/\/www.imigracaojaponesa.com.br\/wp-content\/uploads\/2012\/04\/busca-imigrante-japones-64x64.jpg 64w\" sizes=\"(max-width: 150px) 100vw, 150px\" \/><\/a><\/p>\n<p>O outro site \u00e9 do \u201c<a href=\"http:\/\/imigrantes.ubik.com.br\/\" target=\"_blank\" rel=\"noopener noreferrer\">Ashiato<\/a>\u201c, um grande e \u00e1rduo trabalho de levantamento de dados feito para a comemora\u00e7\u00e3o do Centen\u00e1rio da Imigra\u00e7\u00e3o Japonesa, em 2008. Aqui, como \u00e9 \u00f3bvio, s\u00f3 existem dados de japoneses. Pode fazer a busca digitando o nome ou sobrenome, ou o nome do navio. Apesar de haver a op\u00e7\u00e3o de visualizar o nome em japon\u00eas, na busca, o sistema falha e n\u00e3o d\u00e1 para pesquisar em idioma japon\u00eas. Nem todos os nomes aparecem na busca. Ao encontrar o nome do imigrante, com um clique no nome dele pode-se encontrar outros dados, como sobrenome, outras pessoas que vieram nesse grupo, e para onde foram primeiro (ou disseram que iam). <a href=\"http:\/\/www.culturajaponesa.com.br\/?p=2202\" target=\"_blank\" rel=\"noopener noreferrer\">Veja texto mais completo.<\/a><\/p>\n<table>\n<tbody>\n<tr>\n<td>\n<h4><a href=\"http:\/\/www.imigracaojaponesa.com.br\/?page_id=66\" target=\"_blank\" rel=\"noopener noreferrer\">Hist\u00f3ria da Imigra\u00e7\u00e3o Japonesa<\/a><\/h4>\n<\/td>\n<td>\n<h4><a href=\"http:\/\/www.imigracaojaponesa.com.br\/?page_id=16\" target=\"_blank\" rel=\"noopener noreferrer\">Localize os Museus da imigra\u00e7\u00e3o<\/a><\/h4>\n<\/td>\n<\/tr>\n<tr>\n<td><a href=\"http:\/\/www.imigracaojaponesa.com.br\/?page_id=66\"><img loading=\"lazy\" decoding=\"async\" width=\"300\" height=\"189\" class=\"alignleft wp-image-292\" title=\"nossahistoria\" src=\"http:\/\/www.imigracaojaponesa.com.br\/wp-content\/uploads\/2012\/04\/nossahistoria-300x189.jpg\" alt=\"\" srcset=\"http:\/\/www.imigracaojaponesa.com.br\/wp-content\/uploads\/2012\/04\/nossahistoria-300x189.jpg 300w, http:\/\/www.imigracaojaponesa.com.br\/wp-content\/uploads\/2012\/04\/nossahistoria-1024x648.jpg 1024w, http:\/\/www.imigracaojaponesa.com.br\/wp-content\/uploads\/2012\/04\/nossahistoria-150x94.jpg 150w, http:\/\/www.imigracaojaponesa.com.br\/wp-content\/uploads\/2012\/04\/nossahistoria.jpg 1076w\" sizes=\"(max-width: 300px) 100vw, 300px\" \/><\/a><\/td>\n<td><a href=\"http:\/\/www.imigracaojaponesa.com.br\/?page_id=16\"><img loading=\"lazy\" decoding=\"async\" width=\"300\" height=\"207\" class=\" wp-image-125 alignleft\" title=\"KasatoMaru\" src=\"http:\/\/www.imigracaojaponesa.com.br\/wp-content\/uploads\/2012\/06\/KasatoMaru-300x207.jpg\" alt=\"\" srcset=\"http:\/\/www.imigracaojaponesa.com.br\/wp-content\/uploads\/2012\/06\/KasatoMaru-300x207.jpg 300w, http:\/\/www.imigracaojaponesa.com.br\/wp-content\/uploads\/2012\/06\/KasatoMaru-150x103.jpg 150w, http:\/\/www.imigracaojaponesa.com.br\/wp-content\/uploads\/2012\/06\/KasatoMaru.jpg 630w\" sizes=\"(max-width: 300px) 100vw, 300px\" \/><\/a><\/td>\n<\/tr>\n<\/tbody>\n<\/table>\n","protected":false},"excerpt":{"rendered":"<p>Passados 130 anos desde o in\u00edcio da imigra\u00e7\u00e3o japonesa no Brasil, muitas fam\u00edlias querem saber como o seu av\u00f4 ou bisav\u00f4 chegou ao Brasil, e quem veio com ele. Para facilitar essa busca, duas entidades possibilitam a localiza\u00e7\u00e3o gratuita desses dados. O site do Memorial permite que voc\u00ea localize o imigrante pelo nome, sobrenome, ano <a href='http:\/\/www.imigracaojaponesa.com.br\/' class='excerpt-more'>[&#8230;]<\/a><\/p>\n","protected":false},"author":1,"featured_media":0,"parent":0,"menu_order":0,"comment_status":"closed","ping_status":"open","template":"","meta":{"ngg_post_thumbnail":0,"footnotes":""},"_links":{"self":[{"href":"http:\/\/www.imigracaojaponesa.com.br\/index.php\/wp-json\/wp\/v2\/pages\/45"}],"collection":[{"href":"http:\/\/www.imigracaojaponesa.com.br\/index.php\/wp-json\/wp\/v2\/pages"}],"about":[{"href":"http:\/\/www.imigracaojaponesa.com.br\/index.php\/wp-json\/wp\/v2\/types\/page"}],"author":[{"embeddable":true,"href":"http:\/\/www.imigracaojaponesa.com.br\/index.php\/wp-json\/wp\/v2\/users\/1"}],"replies":[{"embeddable":true,"href":"http:\/\/www.imigracaojaponesa.com.br\/index.php\/wp-json\/wp\/v2\/comments?post=45"}],"version-history":[{"count":21,"href":"http:\/\/www.imigracaojaponesa.com.br\/index.php\/wp-json\/wp\/v2\/pages\/45\/revisions"}],"predecessor-version":[{"id":721,"href":"http:\/\/www.imigracaojaponesa.com.br\/index.php\/wp-json\/wp\/v2\/pages\/45\/revisions\/721"}],"wp:attachment":[{"href":"http:\/\/www.imigracaojaponesa.com.br\/index.php\/wp-json\/wp\/v2\/media?parent=45"}],"curies":[{"name":"wp","href":"https:\/\/api.w.org\/{rel}","templated":true}]}}