
{"id":217,"date":"2012-08-31T16:17:07","date_gmt":"2012-08-31T19:17:07","guid":{"rendered":"http:\/\/www.imigracaojaponesa.com.br\/imigracaojaponesa2012\/?page_id=217"},"modified":"2013-07-22T19:00:57","modified_gmt":"2013-07-22T22:00:57","slug":"yukishigue-tamura","status":"publish","type":"page","link":"https:\/\/www.imigracaojaponesa.com.br\/index.php\/entrevistas\/politicos-nikkeis\/yukishigue-tamura\/","title":{"rendered":"Yukishigue Tamura"},"content":{"rendered":"<p style=\"text-align: justify;\"><a href=\"http:\/\/www.imigracaojaponesa.com.br\/wp-content\/uploads\/2012\/08\/yukishiguetamura.jpg\"><img loading=\"lazy\" decoding=\"async\" class=\"alignleft size-full wp-image-218\" title=\"yukishiguetamura\" alt=\"\" src=\"http:\/\/www.imigracaojaponesa.com.br\/wp-content\/uploads\/2012\/08\/yukishiguetamura.jpg\" width=\"230\" height=\"315\" srcset=\"https:\/\/www.imigracaojaponesa.com.br\/wp-content\/uploads\/2012\/08\/yukishiguetamura.jpg 230w, https:\/\/www.imigracaojaponesa.com.br\/wp-content\/uploads\/2012\/08\/yukishiguetamura-219x300.jpg 219w, https:\/\/www.imigracaojaponesa.com.br\/wp-content\/uploads\/2012\/08\/yukishiguetamura-109x150.jpg 109w\" sizes=\"(max-width: 230px) 100vw, 230px\" \/><\/a><\/p>\n<p style=\"text-align: justify;\">Instalado confortavelmente no seu apartamento na Aclima\u00e7\u00e3o, Yukishigue Tamura, aos 87 anos, ainda aparenta ser aquele pol\u00edtico destacado que foi, perseguindo seus ideais mesmo em situa\u00e7\u00f5es dif\u00edceis. Tamura foi o primeiro vereador nipo-brasileiro de S\u00e3o Paulo, o primeiro deputado estadual e tamb\u00e9m o primeiro deputado federal nikkei no mundo.<\/p>\n<p style=\"text-align: justify;\">Yukishigue Tamura \u00e9 filho de imigrantes japoneses de Kochi, que chegaram ao Brasil no navio Ryojun Maru, em 1910, para trabalharem na lavoura. Tamura nasceu em S\u00e3o Pauloe morou muitos anos na rua Conde de Sarzedas, na Liberdade, chegando a jogar futebol na v\u00e1rzea do Glic\u00e9rio, e formou-se na Faculdade de Direito da USP em 1939.<br \/>\nNaquela \u00e9poca, os japoneses e seus descendentes eram raros nas cadeiras acad\u00eamicas. O pr\u00f3prio tamura foi o terceiro a concluir aquela faculdade. Na turma seguinte viria o advogado Teiichi Haga, jogador de bocha do Nippon.<\/p>\n<p style=\"text-align: justify;\"><strong>A religi\u00e3o<\/strong><\/p>\n<p style=\"text-align: justify;\">A religi\u00e3o sempre esteve presente na vida de Tamura. Batizado pelo jesu\u00edta cat\u00f3lico Guido del Toro, da Igreja S\u00e3o Gon\u00e7alo, l\u00e1 foi coroinha, sendo educado por maristas no Gin\u00e1sio Nossa Senhora do Carmo. Sua devo\u00e7\u00e3o rendeu-lhe alguns frutos, como lembra Teiichi Haga: &#8220;Numa ocasi\u00e3o, um professor do cursinho pr\u00e9-vestibular ofereceu um pr\u00eamio para quem obtivesse a melhor notaem latim. Na\u00e9poca, latim fazia parte do curr\u00edculo escolar, e como Tamura era coroinha, e as missas eram realizadas em latim, foi f\u00e1cil para ele ganhar o pr\u00eamio\u201d.<\/p>\n<p style=\"text-align: justify;\">Casado com Ikuyo Tamura, qu sempre teve problemas de sa\u00fade e n\u00e3o conseguia ter filhos, o ex-deputado garante que caminhou todos os domingos da Pra\u00e7a da S\u00e9 at\u00e9 a Igreja de S\u00e3o Judas, durante um ano, para conseguir ter um filho, o Alo\u00edsio, que mais tarde seria m\u00e9dico.<\/p>\n<p style=\"text-align: justify;\">Seguindo seus ideais pol\u00edticos, o partido que escolheu para candidatar foi o Partido Democrata Crist\u00e3o. Durante 16 anos, enquanto permaneceu na C\u00e2mara dos Deputados, foi o coroinha do retiro espiritual que aquela casa realizava de dois em dois anos. Em 1980, como vereador, foi a Roma entregar o t\u00edtulo de Cidad\u00e3o Paulistano ao Papa Jo\u00e3o Paulo II. Era uma forma de agradec\u00ea-lo pela indica\u00e7\u00e3o para beatifica\u00e7\u00e3o do jesu\u00edta Anchieta.<\/p>\n<p style=\"text-align: justify;\">Hoje, completamente afastado da vida p\u00fablica, participa como leigo nas igrejas de S\u00e3o Francisco de Assis e S\u00e3o Francisco Xavier, e neste \u00faltimo, atua todos os s\u00e1bados como coroinha.<\/p>\n<p style=\"text-align: justify;\"><strong>A vida p\u00fablica<\/strong><\/p>\n<p style=\"text-align: justify;\">Tamura foi eleito vereador de S\u00e3o Paulo em 1947. Antes disso, estagiou no Minist\u00e9rio P\u00fablico e depois trabalhou como advogado, dividindo o escrit\u00f3rio com o professor Lino de Moraes Leme, catedr\u00e1tico da USP. Foi um per\u00edodo sofrido para os imigrantes japoneses, italianos e alem\u00e3es, que tiveram bens congelados por causa da II\u00aa Guerra Mundial. Tamura viu ali muitas coisas que n\u00e3o estavam como requeriam seus ideais de justi\u00e7a social, e assim, resolveu lan\u00e7ar sua candidatura, inicialmente para a verean\u00e7a.<\/p>\n<p style=\"text-align: justify;\">Na sua primeira elei\u00e7\u00e3o, os tintureiros de S\u00e3o Paulo, muitos dos quais japoneses, foram seus maiores cabos eleitorais.<br \/>\n&#8220;Eles colocavam meus volantes de propaganda nos bolsos das roupas que entregavam&#8221;, recorda Tamura, que tamb\u00e9m teve apoio no meio beisebol\u00edstico, tendo sido um dos fundadores da Federa\u00e7\u00e3o Paulista de Beisebol.<\/p>\n<p style=\"text-align: justify;\">Nas elei\u00e7\u00f5es seguintes al\u00e7ou v\u00f4os mais altos. Em 1951 foi eleito Deputado Estadual, e em 1955, aos 39 anos de idade, foi eleito Deputado Federal.<\/p>\n<p style=\"text-align: justify;\">O ex-deputado revela que o primeiro conselho que recebeu como Deputado foi do fundador do Nippon Country Club, o saudoso empres\u00e1rio Katsuzo Yamamoto: &#8220;Fique seis meses sem fazer qualquer discurso. Fique apenas conversando com outros deputados e ajude na aprova\u00e7\u00e3o do or\u00e7amento deles&#8221;. Para quem gostava de fazer discursos, era um conselho dificil, mas ele seguiu \u00e0 risca, entendendo que seria uma atitude s\u00e1bia n\u00e3o criar atritos desde o in\u00edcio e ter os colegas como aliados para suas futuras propostas. E deu certo. Tamura foi eleito sucessivamente at\u00e9 1967.<\/p>\n<p style=\"text-align: justify;\">O pr\u00f3prio Yamamoto sempre ajudou-o nas elei\u00e7\u00f5es. Isso desde a \u00e9pocaem que Yamamotocultivava batatas em \u00c1lvares Machado. &#8220;Eu sempre fui o candidato dos bataticultores&#8221;, lembra o ex-deputado.<\/p>\n<p style=\"text-align: justify;\">Em sua gest\u00e3o, Tamura idealizou a implanta\u00e7\u00e3o da Usiminas, mediante colabora\u00e7\u00e3o t\u00e9cnica e financeira do Jap\u00e3o. Outra id\u00e9ia sua seria utilizar a d\u00edvida de guerra que o Jap\u00e3o tinha com os Estados Unidos, para aplicar em planos de desenvolvimento econ\u00f4mico e social do Brasil e demais pa\u00edses latinoamericanos. Isso melhoraria a imagem dos norte-americanos, e o Brasil poderia conseguir escolas e uma usina hidrel\u00e9trica, que seria construidaem Sete Quedas, favorecendo tamb\u00e9m o Paraguai, Uruguai, Argentina e Bol\u00edvia. Segundo Tamura, essa medida ajudaria a obter a paz e integra\u00e7\u00e3o econ\u00f4mica e social na Am\u00e9rica Latina. Infelizmente, essa id\u00e9ia n\u00e3o saiu do papel, apesar do empenho do ent\u00e3o deputado em levar o projeto para os presidentes Kennedy e Johnson.<\/p>\n<p style=\"text-align: justify;\">Seu trabalho rendeu-lhe uma indica\u00e7\u00e3o do Senado Federal para ocupar a Embaixada do Brasil em T\u00f3quio, fato que n\u00e3o chegou a acontecer.<\/p>\n<p style=\"text-align: justify;\">No dia 13 de dezembro de 1968, o Congresso Nacional foi fechado, e Tamura e outros deputados e senadores perderam o cargo. Tamura seria reeleito somente no final da d\u00e9cada de 70, novamente como vereador de S\u00e3o Paulo.<br \/>\nNessa gest\u00e3o, um de seus projetos foi a Lei Municipal que pro\u00edbe fumar em locais p\u00fablicos e dentro dos taxis.<\/p>\n<p style=\"text-align: justify;\"><strong>O Nippon<\/strong><\/p>\n<p style=\"text-align: justify;\">&#8220;O maior patrim\u00f4nio que um japon\u00eas deixou no Brasil foi o Nippon Country Club&#8221;, referindose a Katsuzo Yamamoto.<br \/>\nA \u00faltima presen\u00e7a de Yukishigue Tamura no Clube foi na comemora\u00e7\u00e3o do 40\u00b0 anivers\u00e1rio, em 2000. Com uma apar\u00eancia bem diferente daquele pol\u00edtico que todos tinham em mente, poucos o reconheceram.<\/p>\n<p>Mas bastou pegar o microfone, que come\u00e7ou a falar e n\u00e3o queria parar mais. &#8220;\u00c9 ele&#8221;, exclamaram algumas pessoas que o conheceram como pol\u00edtico.<\/p>\n<p style=\"text-align: justify;\" align=\"justify\">\n","protected":false},"excerpt":{"rendered":"<p>Instalado confortavelmente no seu apartamento na Aclima\u00e7\u00e3o, Yukishigue Tamura, aos 87 anos, ainda aparenta ser aquele pol\u00edtico destacado que foi, perseguindo seus ideais mesmo em situa\u00e7\u00f5es dif\u00edceis. Tamura foi o primeiro vereador nipo-brasileiro de S\u00e3o Paulo, o primeiro deputado estadual e tamb\u00e9m o primeiro deputado federal nikkei no mundo. Yukishigue Tamura \u00e9 filho de imigrantes <a href='https:\/\/www.imigracaojaponesa.com.br\/index.php\/entrevistas\/politicos-nikkeis\/yukishigue-tamura\/' class='excerpt-more'>[&#8230;]<\/a><\/p>\n","protected":false},"author":1,"featured_media":0,"parent":357,"menu_order":0,"comment_status":"closed","ping_status":"closed","template":"","meta":{"ngg_post_thumbnail":0,"footnotes":""},"_links":{"self":[{"href":"https:\/\/www.imigracaojaponesa.com.br\/index.php\/wp-json\/wp\/v2\/pages\/217"}],"collection":[{"href":"https:\/\/www.imigracaojaponesa.com.br\/index.php\/wp-json\/wp\/v2\/pages"}],"about":[{"href":"https:\/\/www.imigracaojaponesa.com.br\/index.php\/wp-json\/wp\/v2\/types\/page"}],"author":[{"embeddable":true,"href":"https:\/\/www.imigracaojaponesa.com.br\/index.php\/wp-json\/wp\/v2\/users\/1"}],"replies":[{"embeddable":true,"href":"https:\/\/www.imigracaojaponesa.com.br\/index.php\/wp-json\/wp\/v2\/comments?post=217"}],"version-history":[{"count":5,"href":"https:\/\/www.imigracaojaponesa.com.br\/index.php\/wp-json\/wp\/v2\/pages\/217\/revisions"}],"predecessor-version":[{"id":359,"href":"https:\/\/www.imigracaojaponesa.com.br\/index.php\/wp-json\/wp\/v2\/pages\/217\/revisions\/359"}],"up":[{"embeddable":true,"href":"https:\/\/www.imigracaojaponesa.com.br\/index.php\/wp-json\/wp\/v2\/pages\/357"}],"wp:attachment":[{"href":"https:\/\/www.imigracaojaponesa.com.br\/index.php\/wp-json\/wp\/v2\/media?parent=217"}],"curies":[{"name":"wp","href":"https:\/\/api.w.org\/{rel}","templated":true}]}}