
{"id":233,"date":"2012-08-31T16:28:11","date_gmt":"2012-08-31T19:28:11","guid":{"rendered":"http:\/\/www.imigracaojaponesa.com.br\/imigracaojaponesa2012\/?page_id=233"},"modified":"2012-08-31T16:28:11","modified_gmt":"2012-08-31T19:28:11","slug":"eng-affonso-penna","status":"publish","type":"page","link":"https:\/\/www.imigracaojaponesa.com.br\/index.php\/entrevistas\/eng-affonso-penna\/","title":{"rendered":"Eng. Affonso Penna"},"content":{"rendered":"<h3>Depoimento de um bisneto do Presidente Affonso Penna<\/h3>\n<p>Autor: Eng\u00ba Affonso Augusto Moreira Penna<\/p>\n<p>Neste ano comemora-se o centen\u00e1rio da imigra\u00e7\u00e3o japonesa no Brasil. Foi no governo do Presidente Affonso Penna (15\/11\/1906 a 14\/06\/1909) que ocorreu, em junho de\u00a01908, a\u00a0chegada do navio Kasato Maru no porto de Santos. Ele, que tanto incentivou tal fato, n\u00e3o poderia supor que um dos seus bisnetos teria relacionamento intenso, em diversos campos de atua\u00e7\u00e3o, com japoneses e seus descendentes.<\/p>\n<p>Em 1949, com 13 anos de idade, eu era nadador do Fluminense F.C. \/ Rio de Janeiro. Naquela ocasi\u00e3o vieram ao Brasil os nadadores japoneses chamados de \u201cpeixes voadores\u201d, pois haviam ganhado v\u00e1rias provas nas Olimp\u00edadas de 1948. Entre outras, fizeram exibi\u00e7\u00f5es na piscina do Fluminense. Nosso t\u00e9cnico, o saudoso H\u00e9lio Lobo, pediu-nos para sentarmos na borda da piscina e observarmos a forma que os japoneses usavam para a \u201cpuxada\u201d subaqu\u00e1tica dos bra\u00e7os e m\u00e3os. Fui um dos que bem observaram e consegui melhorar, em 3 seg, meu tempo nos\u00a0100 m\u00a0\u201ccrawl\u201d.<\/p>\n<p>Em 1951, na piscina do Fluminense, o excelente nadador de Mar\u00edlia\/SP, o nissei Tetsuo Okamoto batia o recorde sul-americano dos400 m\u00a0\u201ccrawl\u201d. No mesmo dia, calcado nos ensinamentos dos \u201cpeixes voadores\u201d, eu integrei um revezamento 4&#215;100 m \u201ccrawl\u201d que bateu o recorde carioca da nossa categoria.<\/p>\n<p>Na segunda metade da d\u00e9cada de 1970 e in\u00edcio da de 1980, ocupei os cargos de Diretor Comercial e Presidente da FEM-F\u00e1brica de Estruturas Met\u00e1licas S.A., subsidi\u00e1ria da CSN \u2013 Companhia Sider\u00fargica Nacional. As principais usinas sider\u00fargicas brasileiras encetavam seus planos de expans\u00e3o. Fui procurado,\u00a0em Volta Redonda, pela \u201ctrading\u201d japonesa Mitsui, para estudarmos um cons\u00f3rcio com a fabricante Tsubakimoto Chain Co., visando nossa participa\u00e7\u00e3o em licita\u00e7\u00f5es para o fornecimento de transportadores de bobinas de a\u00e7o. Juntos, galgamos o primeiro degrau que foi obter o enquadramento do nosso cons\u00f3rcio no BNDES. A seguir, fomos contemplados com encomendas da CSN, da USIMINAS e da COSIPA. Entre outros fatos, relato um epis\u00f3dio que ilustra o respeito dos japoneses \u00e0 hierarquia empresarial e aos mais velhos. \u00c9ramos 5 pessoas numa mesa de reuni\u00e3o, no escrit\u00f3rio da FEM no Rio de Janeiro: um gerente senior e um engenheiro junior \u00a0da Tsubakimoto; um engenheiro junior e eu pela FEM; um representante da Mitsui. O engenheiro junior japon\u00eas come\u00e7ou a fumar, uma vez que, naquela \u00e9poca, as restri\u00e7\u00f5es n\u00e3o eram tantas como hoje. A fuma\u00e7a que exalava do seu cigarro veio na minha dire\u00e7\u00e3o e, instintivamente, a abanei. Imediatamente o gerente senior da Tsubakimoto franziu o cenho mostrando seu descontentamento ao engenheiro junior. Este se ruborizou intensamente e apagou nervosamente o cigarro. Durante os v\u00e1rios trabalhos que o cons\u00f3rcio FEM-Tsubakimoto realizou, pude constatar a corre\u00e7\u00e3o da empresa japonesa, bem como a compet\u00eancia de todos os que ela designou para os servi\u00e7os no Brasil.<\/p>\n<p>Mais recentemente, nos anos 2000, em minha empresa de com\u00e9rcio exterior, tive uma estagi\u00e1ria sansei cuja assiduidade, dedica\u00e7\u00e3o e efic\u00e1cia, pude apreciar.<br \/>\nConcluo, dizendo que meu bisav\u00f4 \u2013 o Presidente Affonso Penna \u2013 acertou em cheio ao incentivar a imigra\u00e7\u00e3o japonesa no Brasil.<\/p>\n<p>Para reproduzir esse texto, ou trecho dele, \u00e9 obrigat\u00f3ria a cita\u00e7\u00e3o do nome do autor e do site:<br \/>\n<em>Autor: Engenheiro Affonso Augusto Moreira Penna\/www.imigracaojaponesa.com.br<\/em><\/p>\n","protected":false},"excerpt":{"rendered":"<p>Depoimento de um bisneto do Presidente Affonso Penna Autor: Eng\u00ba Affonso Augusto Moreira Penna Neste ano comemora-se o centen\u00e1rio da imigra\u00e7\u00e3o japonesa no Brasil. Foi no governo do Presidente Affonso Penna (15\/11\/1906 a 14\/06\/1909) que ocorreu, em junho de\u00a01908, a\u00a0chegada do navio Kasato Maru no porto de Santos. Ele, que tanto incentivou tal fato, n\u00e3o <a href='https:\/\/www.imigracaojaponesa.com.br\/index.php\/entrevistas\/eng-affonso-penna\/' class='excerpt-more'>[&#8230;]<\/a><\/p>\n","protected":false},"author":1,"featured_media":0,"parent":75,"menu_order":0,"comment_status":"closed","ping_status":"closed","template":"","meta":{"ngg_post_thumbnail":0,"footnotes":""},"_links":{"self":[{"href":"https:\/\/www.imigracaojaponesa.com.br\/index.php\/wp-json\/wp\/v2\/pages\/233"}],"collection":[{"href":"https:\/\/www.imigracaojaponesa.com.br\/index.php\/wp-json\/wp\/v2\/pages"}],"about":[{"href":"https:\/\/www.imigracaojaponesa.com.br\/index.php\/wp-json\/wp\/v2\/types\/page"}],"author":[{"embeddable":true,"href":"https:\/\/www.imigracaojaponesa.com.br\/index.php\/wp-json\/wp\/v2\/users\/1"}],"replies":[{"embeddable":true,"href":"https:\/\/www.imigracaojaponesa.com.br\/index.php\/wp-json\/wp\/v2\/comments?post=233"}],"version-history":[{"count":2,"href":"https:\/\/www.imigracaojaponesa.com.br\/index.php\/wp-json\/wp\/v2\/pages\/233\/revisions"}],"predecessor-version":[{"id":235,"href":"https:\/\/www.imigracaojaponesa.com.br\/index.php\/wp-json\/wp\/v2\/pages\/233\/revisions\/235"}],"up":[{"embeddable":true,"href":"https:\/\/www.imigracaojaponesa.com.br\/index.php\/wp-json\/wp\/v2\/pages\/75"}],"wp:attachment":[{"href":"https:\/\/www.imigracaojaponesa.com.br\/index.php\/wp-json\/wp\/v2\/media?parent=233"}],"curies":[{"name":"wp","href":"https:\/\/api.w.org\/{rel}","templated":true}]}}