
{"id":370,"date":"2013-08-30T19:55:32","date_gmt":"2013-08-30T22:55:32","guid":{"rendered":"http:\/\/www.imigracaojaponesa.com.br\/?page_id=370"},"modified":"2013-08-30T19:55:32","modified_gmt":"2013-08-30T22:55:32","slug":"ioshifumi-utiyama","status":"publish","type":"page","link":"https:\/\/www.imigracaojaponesa.com.br\/index.php\/entrevistas\/politicos-nikkeis\/ioshifumi-utiyama\/","title":{"rendered":"Ioshifumi Utiyama"},"content":{"rendered":"<p><img loading=\"lazy\" decoding=\"async\" class=\"alignright size-full wp-image-371\" alt=\"ioshifumi-utiyama\" src=\"http:\/\/www.imigracaojaponesa.com.br\/wp-content\/uploads\/2013\/08\/ioshifumi-utiyama.jpg\" width=\"416\" height=\"494\" srcset=\"https:\/\/www.imigracaojaponesa.com.br\/wp-content\/uploads\/2013\/08\/ioshifumi-utiyama.jpg 416w, https:\/\/www.imigracaojaponesa.com.br\/wp-content\/uploads\/2013\/08\/ioshifumi-utiyama-252x300.jpg 252w\" sizes=\"(max-width: 416px) 100vw, 416px\" \/>Nascido em Lins no dia 21 de julho de 1919 e filho de Kitizo Utiyama e Tahi Utiyuama, Ioshifumi Utiyama estudou no Gin\u00e1sio do estado e no Col\u00e9gio Universit\u00e1rio ap\u00f3s a fam\u00edlia se estabelecer em S\u00e3o Paulo, formando-se em Direito pela Faculdade de Direito do Largo S\u00e3o Francisco. Foi casado com Maria Outa Utiyama e em segundas n\u00fapcias com Hinako Hashimoto.<\/p>\n<p>Foi diretor executivo e chefe do departamento jur\u00eddico do Banco Am\u00e9rica do Sul durante dez anos, presidente da Companhia de Pesca TAYO em Santos, vice-presidente da Produtores S.A. Agricultura e Pecu\u00e1ria, s\u00f3cio-gerente da Am\u00e9rica do Sul Turismo Ltda., e presidente do Conselho de Administra\u00e7\u00e3o da Cia. Produtores de Armaz\u00e9ns Gerais. Tamb\u00e9m montou um escrit\u00f3rio na capital e prestou consultoria para grandes empresas.<\/p>\n<p>Em entidades culturais tamb\u00e9m ocupou diversos cargos. Foi presidente da Alian\u00e7a Cultural Brasil-Jap\u00e3o, presidente da Sociedade Brasileira de M\u00fasica Folcl\u00f3rica Japonesa, e presidente da Sociedade Assist\u00eancia e Incentivo \u00e0 Cultura de S\u00e3o Paulo (SAIC). Fez parte da Sociedade Paulista de Cultura Japonesa, da Associa\u00e7\u00e3o Cultural e Esportiva Piratininga, do Gr\u00eamio Cultural Brasil-Jap\u00e3o e da Sociedade Paulista de Amparo \u00e0s crian\u00e7as com necessidades especiais, al\u00e9m de algumas outras.<\/p>\n<p>Integrou a delega\u00e7\u00e3o oficial que visitou o Jap\u00e3o e Taiwan, em 1961.<\/p>\n<p><em>Fonte: Os nikkeis na Assembl\u00e9ia de S\u00e3o Paulo<\/em><\/p>\n","protected":false},"excerpt":{"rendered":"<p>Nascido em Lins no dia 21 de julho de 1919 e filho de Kitizo Utiyama e Tahi Utiyuama, Ioshifumi Utiyama estudou no Gin\u00e1sio do estado e no Col\u00e9gio Universit\u00e1rio ap\u00f3s a fam\u00edlia se estabelecer em S\u00e3o Paulo, formando-se em Direito pela Faculdade de Direito do Largo S\u00e3o Francisco. Foi casado com Maria Outa Utiyama e <a href='https:\/\/www.imigracaojaponesa.com.br\/index.php\/entrevistas\/politicos-nikkeis\/ioshifumi-utiyama\/' class='excerpt-more'>[&#8230;]<\/a><\/p>\n","protected":false},"author":1,"featured_media":0,"parent":357,"menu_order":0,"comment_status":"closed","ping_status":"closed","template":"","meta":{"ngg_post_thumbnail":0,"footnotes":""},"_links":{"self":[{"href":"https:\/\/www.imigracaojaponesa.com.br\/index.php\/wp-json\/wp\/v2\/pages\/370"}],"collection":[{"href":"https:\/\/www.imigracaojaponesa.com.br\/index.php\/wp-json\/wp\/v2\/pages"}],"about":[{"href":"https:\/\/www.imigracaojaponesa.com.br\/index.php\/wp-json\/wp\/v2\/types\/page"}],"author":[{"embeddable":true,"href":"https:\/\/www.imigracaojaponesa.com.br\/index.php\/wp-json\/wp\/v2\/users\/1"}],"replies":[{"embeddable":true,"href":"https:\/\/www.imigracaojaponesa.com.br\/index.php\/wp-json\/wp\/v2\/comments?post=370"}],"version-history":[{"count":1,"href":"https:\/\/www.imigracaojaponesa.com.br\/index.php\/wp-json\/wp\/v2\/pages\/370\/revisions"}],"predecessor-version":[{"id":372,"href":"https:\/\/www.imigracaojaponesa.com.br\/index.php\/wp-json\/wp\/v2\/pages\/370\/revisions\/372"}],"up":[{"embeddable":true,"href":"https:\/\/www.imigracaojaponesa.com.br\/index.php\/wp-json\/wp\/v2\/pages\/357"}],"wp:attachment":[{"href":"https:\/\/www.imigracaojaponesa.com.br\/index.php\/wp-json\/wp\/v2\/media?parent=370"}],"curies":[{"name":"wp","href":"https:\/\/api.w.org\/{rel}","templated":true}]}}