
{"id":373,"date":"2013-08-30T19:57:57","date_gmt":"2013-08-30T22:57:57","guid":{"rendered":"http:\/\/www.imigracaojaponesa.com.br\/?page_id=373"},"modified":"2013-08-30T19:57:57","modified_gmt":"2013-08-30T22:57:57","slug":"paulo-nakandakare","status":"publish","type":"page","link":"https:\/\/www.imigracaojaponesa.com.br\/index.php\/entrevistas\/politicos-nikkeis\/paulo-nakandakare\/","title":{"rendered":"Paulo Nakandakare"},"content":{"rendered":"<p style=\"text-align: justify;\"><img loading=\"lazy\" decoding=\"async\" class=\"alignright size-full wp-image-374\" alt=\"paulo-nakandakare\" src=\"http:\/\/www.imigracaojaponesa.com.br\/wp-content\/uploads\/2013\/08\/paulo-nakandakare.jpg\" width=\"438\" height=\"548\" srcset=\"https:\/\/www.imigracaojaponesa.com.br\/wp-content\/uploads\/2013\/08\/paulo-nakandakare.jpg 438w, https:\/\/www.imigracaojaponesa.com.br\/wp-content\/uploads\/2013\/08\/paulo-nakandakare-239x300.jpg 239w\" sizes=\"(max-width: 438px) 100vw, 438px\" \/>Filho de Saburo Nakandakare e Ushi Nakandakare, Paulo Nakandakare nasceu em Itariri, cidade do litoral sul de S\u00e3o Paulo, no dia 12 de mar\u00e7o de 1923. Ainda crian\u00e7a foi morar em Santos, onde fez o curso prim\u00e1rio no Grupo Escolar Barnab\u00e9. Desde jovem j\u00e1 estava \u00e0 frente de entidades assistenciais, beneficentes, esportivas e culturais, chegando a assumir cargos de dire\u00e7\u00e3o em algumas. Em 1940 formou-se contador pela Associa\u00e7\u00e3o Instrutiva Jos\u00e9 Bonif\u00e1cio de Santos.<\/p>\n<p style=\"text-align: justify;\">Aos quinze anos ingressava na Kawasabi Kishen Kaisha, uma empresa de navega\u00e7\u00e3o. Entre 1941 e 1942 trabalhou como contador em v\u00e1rias ag\u00eancias da Casa Banc\u00e1ria Imigrat\u00f3ria (Kaik\u00f4, Guink\u00f4). Depois, no per\u00edodo da Segunda Guerra Mundial, foi morar em Juqui\u00e1, tornando-se diretor do Sindicato dos Agricultores de Banana em 1946, depois virou produtor de banana e caf\u00e9, at\u00e9 em 1951 fundar a Empresa Paulista de Navega\u00e7\u00e3o, Ind\u00fastria e Com\u00e9rcio de Santos e por decorr\u00eancia da sua atua\u00e7\u00e3o em entidades de comerciantes, fundou e presidiu a Cooperativa Paulista dos Bananicultores em 1955. Entre 1956 e 1958 residiu em Porto Alegre, exercendo apenas atividades comerciais.<\/p>\n<p style=\"text-align: justify;\">No ano de 1951 tamb\u00e9m foi eleito vereador da C\u00e2mara Municipal de Santos, atrav\u00e9s do Partido Trabalhista Brasileiro (PTB). Em 1958, j\u00e1 de volta a S\u00e3o Paulo, ficou em supl\u00eancia na Assembl\u00e9ia Legislativa pelo PTB.<\/p>\n<p style=\"text-align: justify;\">Depois, entre 1960 e 1961, foi delegado regional do Servi\u00e7o de Alimenta\u00e7\u00e3o da Previd\u00eancia Social (SAPS) no Estado de S\u00e3o Paulo.<\/p>\n<p style=\"text-align: justify;\">Em 1962 foi eleito deputado estadual, quando era tesoureiro da Comiss\u00e3o Executiva Estadual do PTB de S\u00e3o Paulo. Em 1966 foi reeleito pelo Movimento Democr\u00e1tico Brasileiro (MDB), por\u00e9m, seu mandato foi cassado em 1969, o que suspendeu seus direitos pol\u00edticos por dez anos.<\/p>\n<p style=\"text-align: justify;\">Depois disso retomou as atividades comerciais e seis anos mais tarde veio a falecer, em 9 de outubro de 1975.<\/p>\n<p style=\"text-align: justify;\"><em>Fonte: Os nikkeis na Assembl\u00e9ia de S\u00e3o Paulo<\/em><\/p>\n","protected":false},"excerpt":{"rendered":"<p>Filho de Saburo Nakandakare e Ushi Nakandakare, Paulo Nakandakare nasceu em Itariri, cidade do litoral sul de S\u00e3o Paulo, no dia 12 de mar\u00e7o de 1923. Ainda crian\u00e7a foi morar em Santos, onde fez o curso prim\u00e1rio no Grupo Escolar Barnab\u00e9. Desde jovem j\u00e1 estava \u00e0 frente de entidades assistenciais, beneficentes, esportivas e culturais, chegando <a href='https:\/\/www.imigracaojaponesa.com.br\/index.php\/entrevistas\/politicos-nikkeis\/paulo-nakandakare\/' class='excerpt-more'>[&#8230;]<\/a><\/p>\n","protected":false},"author":1,"featured_media":0,"parent":357,"menu_order":0,"comment_status":"closed","ping_status":"closed","template":"","meta":{"ngg_post_thumbnail":0,"footnotes":""},"_links":{"self":[{"href":"https:\/\/www.imigracaojaponesa.com.br\/index.php\/wp-json\/wp\/v2\/pages\/373"}],"collection":[{"href":"https:\/\/www.imigracaojaponesa.com.br\/index.php\/wp-json\/wp\/v2\/pages"}],"about":[{"href":"https:\/\/www.imigracaojaponesa.com.br\/index.php\/wp-json\/wp\/v2\/types\/page"}],"author":[{"embeddable":true,"href":"https:\/\/www.imigracaojaponesa.com.br\/index.php\/wp-json\/wp\/v2\/users\/1"}],"replies":[{"embeddable":true,"href":"https:\/\/www.imigracaojaponesa.com.br\/index.php\/wp-json\/wp\/v2\/comments?post=373"}],"version-history":[{"count":2,"href":"https:\/\/www.imigracaojaponesa.com.br\/index.php\/wp-json\/wp\/v2\/pages\/373\/revisions"}],"predecessor-version":[{"id":376,"href":"https:\/\/www.imigracaojaponesa.com.br\/index.php\/wp-json\/wp\/v2\/pages\/373\/revisions\/376"}],"up":[{"embeddable":true,"href":"https:\/\/www.imigracaojaponesa.com.br\/index.php\/wp-json\/wp\/v2\/pages\/357"}],"wp:attachment":[{"href":"https:\/\/www.imigracaojaponesa.com.br\/index.php\/wp-json\/wp\/v2\/media?parent=373"}],"curies":[{"name":"wp","href":"https:\/\/api.w.org\/{rel}","templated":true}]}}