
{"id":385,"date":"2013-08-30T20:12:54","date_gmt":"2013-08-30T23:12:54","guid":{"rendered":"http:\/\/www.imigracaojaponesa.com.br\/?page_id=385"},"modified":"2013-08-30T20:12:54","modified_gmt":"2013-08-30T23:12:54","slug":"shiro-kyono","status":"publish","type":"page","link":"https:\/\/www.imigracaojaponesa.com.br\/index.php\/entrevistas\/politicos-nikkeis\/shiro-kyono\/","title":{"rendered":"Shiro Kyono"},"content":{"rendered":"<p style=\"text-align: justify;\"><img loading=\"lazy\" decoding=\"async\" class=\"alignright size-full wp-image-386\" alt=\"shiro-kyono\" src=\"http:\/\/www.imigracaojaponesa.com.br\/wp-content\/uploads\/2013\/08\/shiro-kyono.jpg\" width=\"471\" height=\"354\" srcset=\"https:\/\/www.imigracaojaponesa.com.br\/wp-content\/uploads\/2013\/08\/shiro-kyono.jpg 471w, https:\/\/www.imigracaojaponesa.com.br\/wp-content\/uploads\/2013\/08\/shiro-kyono-300x225.jpg 300w\" sizes=\"(max-width: 471px) 100vw, 471px\" \/>Nascido em Yamagushi, Jap\u00e3o, no dia 2 de agosto de 1922, Shiro Kyono chegou ao Brasil em 1926, junto de seus pais Tatsugoro Kyono e Kinu Kyono. A fam\u00edlia fixou-se inicialmente na Fazenda Suissa, Guaimb\u00ea \u2013 SP. Em 1932 mudou-se para Bastos e depois, em 1937, para S\u00e3o Paulo. Aos 19 anos formou-se qu\u00edmico industrial.<\/p>\n<p style=\"text-align: justify;\">Trabalhou em um escrit\u00f3rio de advocacia, o que lhe rendeu experi\u00eancia em Direito. Participou do Congresso Rural em Assis, e em 1956 fez gratuitamente o registro de propriedade de mais de 3.700 lavradores e criadores.<\/p>\n<p style=\"text-align: justify;\">Kyono foi s\u00f3cio fundador da Alian\u00e7a Cultural Brasil-Jap\u00e3o e membro do conselho deliberativo da Sociedade Paulista de Cultura Japonesa. Foi tamb\u00e9m vice-presidente da Federa\u00e7\u00e3o Paulista de Baseball e da Liga Pr\u00f3-Direitos dos Brasileiros Naturalizados.<br \/>\nFoi eleito vereador pela cidade de S\u00e3o Paulo em 1959. Na C\u00e2mara, participou de comiss\u00f5es de Utilidade P\u00fablica, Educa\u00e7\u00e3o e Finan\u00e7as e Or\u00e7amento. Depois, em 1963, elegeu-se deputado estadual e foi reeleito duas vezes.<\/p>\n<p style=\"text-align: justify;\">Com o fim do pluripartidarismo, ingressou na Alian\u00e7a Renovadora Nacional (Arena).<br \/>\nAtuou em favor de entidades assistenciais e filantr\u00f3picas, como a Santa Casa de Miseric\u00f3rdia de S\u00e3o Paulo. Promoveu uma ampla campanha de naturaliza\u00e7\u00e3o dos japoneses entre 1963 e 1966.<\/p>\n<p style=\"text-align: justify;\">Realizou diversas viagens ao Jap\u00e3o, onde apresentou projetos de desenvolvimento para o Estado de S\u00e3o Paulo para o imperador Hiroito e com pol\u00edticos.<\/p>\n<p style=\"text-align: justify;\">Faleceu em 30 de abril de 1984.<\/p>\n<p style=\"text-align: justify;\"><em>Fonte: Os nikkeis na Assembl\u00e9ia de S\u00e3o Paulo<\/em><\/p>\n","protected":false},"excerpt":{"rendered":"<p>Nascido em Yamagushi, Jap\u00e3o, no dia 2 de agosto de 1922, Shiro Kyono chegou ao Brasil em 1926, junto de seus pais Tatsugoro Kyono e Kinu Kyono. A fam\u00edlia fixou-se inicialmente na Fazenda Suissa, Guaimb\u00ea \u2013 SP. Em 1932 mudou-se para Bastos e depois, em 1937, para S\u00e3o Paulo. Aos 19 anos formou-se qu\u00edmico industrial. <a href='https:\/\/www.imigracaojaponesa.com.br\/index.php\/entrevistas\/politicos-nikkeis\/shiro-kyono\/' class='excerpt-more'>[&#8230;]<\/a><\/p>\n","protected":false},"author":1,"featured_media":0,"parent":357,"menu_order":0,"comment_status":"closed","ping_status":"closed","template":"","meta":{"ngg_post_thumbnail":0,"footnotes":""},"_links":{"self":[{"href":"https:\/\/www.imigracaojaponesa.com.br\/index.php\/wp-json\/wp\/v2\/pages\/385"}],"collection":[{"href":"https:\/\/www.imigracaojaponesa.com.br\/index.php\/wp-json\/wp\/v2\/pages"}],"about":[{"href":"https:\/\/www.imigracaojaponesa.com.br\/index.php\/wp-json\/wp\/v2\/types\/page"}],"author":[{"embeddable":true,"href":"https:\/\/www.imigracaojaponesa.com.br\/index.php\/wp-json\/wp\/v2\/users\/1"}],"replies":[{"embeddable":true,"href":"https:\/\/www.imigracaojaponesa.com.br\/index.php\/wp-json\/wp\/v2\/comments?post=385"}],"version-history":[{"count":2,"href":"https:\/\/www.imigracaojaponesa.com.br\/index.php\/wp-json\/wp\/v2\/pages\/385\/revisions"}],"predecessor-version":[{"id":388,"href":"https:\/\/www.imigracaojaponesa.com.br\/index.php\/wp-json\/wp\/v2\/pages\/385\/revisions\/388"}],"up":[{"embeddable":true,"href":"https:\/\/www.imigracaojaponesa.com.br\/index.php\/wp-json\/wp\/v2\/pages\/357"}],"wp:attachment":[{"href":"https:\/\/www.imigracaojaponesa.com.br\/index.php\/wp-json\/wp\/v2\/media?parent=385"}],"curies":[{"name":"wp","href":"https:\/\/api.w.org\/{rel}","templated":true}]}}