
{"id":389,"date":"2013-08-30T20:15:54","date_gmt":"2013-08-30T23:15:54","guid":{"rendered":"http:\/\/www.imigracaojaponesa.com.br\/?page_id=389"},"modified":"2013-08-30T20:15:54","modified_gmt":"2013-08-30T23:15:54","slug":"pedro-nakasone","status":"publish","type":"page","link":"https:\/\/www.imigracaojaponesa.com.br\/index.php\/entrevistas\/politicos-nikkeis\/pedro-nakasone\/","title":{"rendered":"Pedro Nakasone"},"content":{"rendered":"<p style=\"text-align: justify;\"><img loading=\"lazy\" decoding=\"async\" class=\"alignright size-full wp-image-390\" alt=\"pedro-nakasone\" src=\"http:\/\/www.imigracaojaponesa.com.br\/wp-content\/uploads\/2013\/08\/pedro-nakasone.jpg\" width=\"347\" height=\"441\" srcset=\"https:\/\/www.imigracaojaponesa.com.br\/wp-content\/uploads\/2013\/08\/pedro-nakasone.jpg 347w, https:\/\/www.imigracaojaponesa.com.br\/wp-content\/uploads\/2013\/08\/pedro-nakasone-236x300.jpg 236w\" sizes=\"(max-width: 347px) 100vw, 347px\" \/>Nascido em Getulina (SP) no dia 28 de fevereiro de 1931, filho de Soshiro Nakasone e Tama Nakasone, Pedro Nakasone formou-se bacharel em Direito pela Universidade de S\u00e3o Paulo (USP). Mudou-se para a cidade de Santo Andr\u00e9 em 1950, onde manteve estreitos v\u00ednculos com a col\u00f4nia japonesa local e da regi\u00e3o.<\/p>\n<p style=\"text-align: justify;\">Nesse munic\u00edpio, trabalhou no Banco Noroeste durante oito anos. Depois, em 1958, ingressou por concurso na Caixa Econ\u00f4mica de S\u00e3o Paulo, onde trabalhou por dois anos. Foi oficial de gabinete no governo do Estado e depois atuou como corretor de im\u00f3veis.<br \/>\nSua vida pol\u00edtica come\u00e7ou em Santo Andr\u00e9, onde foi eleito vereador em 1964 pelo Partido Trabalhista Brasileiro (PTB), tendo ocupado a presid\u00eancia da Comiss\u00e3o de Obras em 1967. Ap\u00f3s a instaura\u00e7\u00e3o do bipartidarismo pelo governo militar, optou por ingressar na Alian\u00e7a Renovadora Nacional (Arena). Foi reeleito em 1969 mas n\u00e3o chegou a concluir o segundo mandato porque renunciou para assumir a vaga de deputado na Assembl\u00e9ia Legislativa de S\u00e3o Paulo.<\/p>\n<p style=\"text-align: justify;\">Casou com Dalcy Nakasone, com quem teve um filho. Faleceu em Mau\u00e1, no dia 2 de novembro de 1989.<\/p>\n<p style=\"text-align: justify;\"><em>Fonte: Os nikkeis na Assembl\u00e9ia de S\u00e3o Paulo<\/em><\/p>\n","protected":false},"excerpt":{"rendered":"<p>Nascido em Getulina (SP) no dia 28 de fevereiro de 1931, filho de Soshiro Nakasone e Tama Nakasone, Pedro Nakasone formou-se bacharel em Direito pela Universidade de S\u00e3o Paulo (USP). Mudou-se para a cidade de Santo Andr\u00e9 em 1950, onde manteve estreitos v\u00ednculos com a col\u00f4nia japonesa local e da regi\u00e3o. Nesse munic\u00edpio, trabalhou no <a href='https:\/\/www.imigracaojaponesa.com.br\/index.php\/entrevistas\/politicos-nikkeis\/pedro-nakasone\/' class='excerpt-more'>[&#8230;]<\/a><\/p>\n","protected":false},"author":1,"featured_media":0,"parent":357,"menu_order":0,"comment_status":"closed","ping_status":"closed","template":"","meta":{"ngg_post_thumbnail":0,"footnotes":""},"_links":{"self":[{"href":"https:\/\/www.imigracaojaponesa.com.br\/index.php\/wp-json\/wp\/v2\/pages\/389"}],"collection":[{"href":"https:\/\/www.imigracaojaponesa.com.br\/index.php\/wp-json\/wp\/v2\/pages"}],"about":[{"href":"https:\/\/www.imigracaojaponesa.com.br\/index.php\/wp-json\/wp\/v2\/types\/page"}],"author":[{"embeddable":true,"href":"https:\/\/www.imigracaojaponesa.com.br\/index.php\/wp-json\/wp\/v2\/users\/1"}],"replies":[{"embeddable":true,"href":"https:\/\/www.imigracaojaponesa.com.br\/index.php\/wp-json\/wp\/v2\/comments?post=389"}],"version-history":[{"count":1,"href":"https:\/\/www.imigracaojaponesa.com.br\/index.php\/wp-json\/wp\/v2\/pages\/389\/revisions"}],"predecessor-version":[{"id":391,"href":"https:\/\/www.imigracaojaponesa.com.br\/index.php\/wp-json\/wp\/v2\/pages\/389\/revisions\/391"}],"up":[{"embeddable":true,"href":"https:\/\/www.imigracaojaponesa.com.br\/index.php\/wp-json\/wp\/v2\/pages\/357"}],"wp:attachment":[{"href":"https:\/\/www.imigracaojaponesa.com.br\/index.php\/wp-json\/wp\/v2\/media?parent=389"}],"curies":[{"name":"wp","href":"https:\/\/api.w.org\/{rel}","templated":true}]}}