
{"id":392,"date":"2013-08-30T20:16:57","date_gmt":"2013-08-30T23:16:57","guid":{"rendered":"http:\/\/www.imigracaojaponesa.com.br\/?page_id=392"},"modified":"2013-08-30T20:16:57","modified_gmt":"2013-08-30T23:16:57","slug":"jihei-noda","status":"publish","type":"page","link":"https:\/\/www.imigracaojaponesa.com.br\/index.php\/entrevistas\/politicos-nikkeis\/jihei-noda\/","title":{"rendered":"Jihei Noda"},"content":{"rendered":"<p style=\"text-align: justify;\"><img loading=\"lazy\" decoding=\"async\" class=\"alignright size-full wp-image-393\" alt=\"jihei-noda\" src=\"http:\/\/www.imigracaojaponesa.com.br\/wp-content\/uploads\/2013\/08\/jihei-noda.jpg\" width=\"439\" height=\"364\" srcset=\"https:\/\/www.imigracaojaponesa.com.br\/wp-content\/uploads\/2013\/08\/jihei-noda.jpg 439w, https:\/\/www.imigracaojaponesa.com.br\/wp-content\/uploads\/2013\/08\/jihei-noda-300x248.jpg 300w\" sizes=\"(max-width: 439px) 100vw, 439px\" \/>Jihei Noda nasceu na prov\u00edncia de Saga, Jap\u00e3o, em 16 de janeiro de 1918. Filho de Jishichi Noda e Fumi Noda, imigrantes japoneses que desembarcaram em 15 de julho de 1925 no porto de Santos. Ao chegarem, seguiram para uma fazenda de caf\u00e9 situada entre as cidades de Pacaembu e Mirand\u00f3polis, no interior do Estado de S\u00e3o Paulo.<\/p>\n<p style=\"text-align: justify;\">A fam\u00edlia se mudou para a cidade de S\u00e3o Paulo no in\u00edcio da d\u00e9cada de 1930, onde o pai adquirira uma pequena ch\u00e1cara.<\/p>\n<p style=\"text-align: justify;\">Depois de concluir o curso ginasial, freq\u00fcentou o Liceu de Artes e Of\u00edcios de S\u00e3o Paulo e formou-se em Engenharia Civil pela Universidade Mackenzie no ano de 1948. Como engenheiro, foi respons\u00e1vel pelo projeto de constru\u00e7\u00e3o de obras de grande significado, como o templo budista Honpa Hongwanji, na capital paulista.<\/p>\n<p style=\"text-align: justify;\">Naturalizou-se brasileiro em 1949 e em 1952 casou-se com Elvira Sansone Noda.<br \/>\nIngressou no servi\u00e7o p\u00fablico em 1954, como engenheiro da prefeitura de S\u00e3o Paulo. L\u00e1, ocupou diversos cargos, inclusive o de chefe de gabinete do secret\u00e1rio de obras da prefeitura, na gest\u00e3o do prefeito Francisco Prestes Maia. Foi s\u00f3cio-fundador e presidente honor\u00e1rio da Associa\u00e7\u00e3o dos Produtores Hortifrutigranjeiros do Estado de S\u00e3o Paulo e da Associa\u00e7\u00e3o brasileira de Assist\u00eancia M\u00fatua. Al\u00e9m de ter sido bastante atuante na comunidade japonesa.<\/p>\n<p style=\"text-align: justify;\">Foi candidato a vereador da cidade de S\u00e3o Paulo pelo Partido Trabalhista Brasileiro (PTB) em 1959, com o apoio da associa\u00e7\u00e3o dos Engenheiros da Prefeitura, mas n\u00e3o se elegeu. Candidatou-se em mais duas ocasi\u00f5es, antes de ser finalmente eleito vereador em 1968, pelo Movimento Democr\u00e1tico Brasileiro (MDB).<\/p>\n<p style=\"text-align: justify;\">Durante toda sua trajet\u00f3ria pol\u00edtica concentrou sua atua\u00e7\u00e3o p\u00fablica em temas relativos ao abastecimento, transporte e prote\u00e7\u00e3o ao meio ambiente. Foi vice-presidente da C\u00e2mara durante o bi\u00eanio 1969-1970. Nesse per\u00edodo, empreendeu viagem ao Jap\u00e3o para promover conv\u00eanios de coopera\u00e7\u00e3o com cidades japonesas, chegando a ser agraciado com as chaves das cidades de Los Angeles, Osaka e Nagasaki, entre outras. Tamb\u00e9m foi o patrono e promotor da celebra\u00e7\u00e3o de conv\u00eanio de Cidades Irm\u00e3s entre Santos e Nagasaki. Foi eleito deputado estadual em 1970 e exerceu tr\u00eas mandatos consecutivos.<br \/>\nAp\u00f3s o t\u00e9rmino de seu \u00faltimo mandato continuou a se dedicar \u00e0 comunidade japonesa e a atua\u00e7\u00e3o na \u00e1rea da agricultura.<\/p>\n<p style=\"text-align: justify;\">Faleceu em 8 de maio de 1993<\/p>\n<p style=\"text-align: justify;\"><em>Fonte: Os nikkeis na Assembl\u00e9ia de S\u00e3o Paulo<\/em><\/p>\n","protected":false},"excerpt":{"rendered":"<p>Jihei Noda nasceu na prov\u00edncia de Saga, Jap\u00e3o, em 16 de janeiro de 1918. Filho de Jishichi Noda e Fumi Noda, imigrantes japoneses que desembarcaram em 15 de julho de 1925 no porto de Santos. Ao chegarem, seguiram para uma fazenda de caf\u00e9 situada entre as cidades de Pacaembu e Mirand\u00f3polis, no interior do Estado <a href='https:\/\/www.imigracaojaponesa.com.br\/index.php\/entrevistas\/politicos-nikkeis\/jihei-noda\/' class='excerpt-more'>[&#8230;]<\/a><\/p>\n","protected":false},"author":1,"featured_media":0,"parent":357,"menu_order":0,"comment_status":"closed","ping_status":"closed","template":"","meta":{"ngg_post_thumbnail":0,"footnotes":""},"_links":{"self":[{"href":"https:\/\/www.imigracaojaponesa.com.br\/index.php\/wp-json\/wp\/v2\/pages\/392"}],"collection":[{"href":"https:\/\/www.imigracaojaponesa.com.br\/index.php\/wp-json\/wp\/v2\/pages"}],"about":[{"href":"https:\/\/www.imigracaojaponesa.com.br\/index.php\/wp-json\/wp\/v2\/types\/page"}],"author":[{"embeddable":true,"href":"https:\/\/www.imigracaojaponesa.com.br\/index.php\/wp-json\/wp\/v2\/users\/1"}],"replies":[{"embeddable":true,"href":"https:\/\/www.imigracaojaponesa.com.br\/index.php\/wp-json\/wp\/v2\/comments?post=392"}],"version-history":[{"count":2,"href":"https:\/\/www.imigracaojaponesa.com.br\/index.php\/wp-json\/wp\/v2\/pages\/392\/revisions"}],"predecessor-version":[{"id":395,"href":"https:\/\/www.imigracaojaponesa.com.br\/index.php\/wp-json\/wp\/v2\/pages\/392\/revisions\/395"}],"up":[{"embeddable":true,"href":"https:\/\/www.imigracaojaponesa.com.br\/index.php\/wp-json\/wp\/v2\/pages\/357"}],"wp:attachment":[{"href":"https:\/\/www.imigracaojaponesa.com.br\/index.php\/wp-json\/wp\/v2\/media?parent=392"}],"curies":[{"name":"wp","href":"https:\/\/api.w.org\/{rel}","templated":true}]}}