
{"id":422,"date":"2013-09-02T16:22:34","date_gmt":"2013-09-02T19:22:34","guid":{"rendered":"http:\/\/www.imigracaojaponesa.com.br\/?page_id=422"},"modified":"2013-09-02T16:22:34","modified_gmt":"2013-09-02T19:22:34","slug":"tadashi-kuriki","status":"publish","type":"page","link":"https:\/\/www.imigracaojaponesa.com.br\/index.php\/entrevistas\/politicos-nikkeis\/tadashi-kuriki\/","title":{"rendered":"Tadashi Kuriki"},"content":{"rendered":"<p style=\"text-align: justify;\"><img loading=\"lazy\" decoding=\"async\" class=\"alignright size-full wp-image-423\" alt=\"tadashi-kuriki\" src=\"http:\/\/www.imigracaojaponesa.com.br\/wp-content\/uploads\/2013\/09\/tadashi-kuriki.jpg\" width=\"343\" height=\"438\" srcset=\"https:\/\/www.imigracaojaponesa.com.br\/wp-content\/uploads\/2013\/09\/tadashi-kuriki.jpg 343w, https:\/\/www.imigracaojaponesa.com.br\/wp-content\/uploads\/2013\/09\/tadashi-kuriki-234x300.jpg 234w\" sizes=\"(max-width: 343px) 100vw, 343px\" \/>Tadashi Kuriki nasceu em General Salgado (SP), em 11 de junho de 1940, filho de Wataru Kuriki e Chioko Kuriki. Formou-se em Direito em 1967 e trabalhou como comerci\u00e1rio, radialista, despachante, corretor de im\u00f3veis e advogado. \u00c9 casado com Maria Helena Uliam Kuriki e tem quatro filhos.<\/p>\n<p style=\"text-align: justify;\">Elegeu-se pela primeira vez em 1982 como vereador da cidade de Presidente Prudente pelo Partido Trabalhista Brasileiro (PTB). Pelo mesmo partido foi eleito deputado estadual em 1986 e deputado federal em 1990.<\/p>\n<p style=\"text-align: justify;\">Na C\u00e2mara Federal foi presidente das Comiss\u00f5es de Assuntos Municipais e de Agricultura e Pol\u00edtica rural. Foi membro titular da Comiss\u00e3o de Finan\u00e7as e Or\u00e7amento e suplente das comiss\u00f5es de Ci\u00eancia e Tecnologia, de Comunica\u00e7\u00e3o e Inform\u00e1tica e de Defesa do Consumidor, Meio Ambiente e Minorias. Integrou ainda, como titular, a Comiss\u00e3o Especial PL 3.981\/1993 (tratou dos produtos contendo asbesto\/amianto), e a comiss\u00e3o Parlamentar de Inqu\u00e9rito (CPI) que investigou as causas da fome, foi suplente da CPI que apurou irregularidades no Instituto Nacional de Assist\u00eancia M\u00e9dica e Previd\u00eancia Social (INAMPS). Na Assembl\u00e9ia Constituinte fez parte das Comiss\u00f5es de Sistematiza\u00e7\u00e3o e da Ordem Econ\u00f4mica e Social.<\/p>\n<p style=\"text-align: justify;\">Em 1991 filiou-se ao Partido da Reconstru\u00e7\u00e3o Nacional (PRN) e em 1993 mudou para o Partido Progressista Renovador (PPR). Votou favoravelmente ao impeachment de Fernando Collor de Melo.<\/p>\n<p style=\"text-align: justify;\">Durante seu mandato como deputado federal votou a favor da cria\u00e7\u00e3o do Imposto Provis\u00f3rio sobre Movimenta\u00e7\u00e3o Financeira (IPMF) &#8211; que fixou o percentual a ser aplicado na \u00e1rea da sa\u00fade -, da extin\u00e7\u00e3o do voto obrigat\u00f3rio e pela cria\u00e7\u00e3o do Fundo Social de Emerg\u00eancia (FSE) \u2013 que instituiu vincula\u00e7\u00e3o de receita para as \u00e1reas de educa\u00e7\u00e3o e sa\u00fade.<\/p>\n<p style=\"text-align: justify;\">Em 1994 tentou uma vaga de deputado federal pelo PPR, mas n\u00e3o foi eleito. Em 1998 concorreu elo Partido Progressista Brasileiro (PPB) a deputado estadual, tamb\u00e9m n\u00e3o se elegendo.<\/p>\n<p style=\"text-align: justify;\"><em>Fonte: Os nikkeis na Assembl\u00e9ia de S\u00e3o Paulo<\/em><\/p>\n","protected":false},"excerpt":{"rendered":"<p>Tadashi Kuriki nasceu em General Salgado (SP), em 11 de junho de 1940, filho de Wataru Kuriki e Chioko Kuriki. Formou-se em Direito em 1967 e trabalhou como comerci\u00e1rio, radialista, despachante, corretor de im\u00f3veis e advogado. \u00c9 casado com Maria Helena Uliam Kuriki e tem quatro filhos. Elegeu-se pela primeira vez em 1982 como vereador <a href='https:\/\/www.imigracaojaponesa.com.br\/index.php\/entrevistas\/politicos-nikkeis\/tadashi-kuriki\/' class='excerpt-more'>[&#8230;]<\/a><\/p>\n","protected":false},"author":1,"featured_media":0,"parent":357,"menu_order":0,"comment_status":"closed","ping_status":"closed","template":"","meta":{"ngg_post_thumbnail":0,"footnotes":""},"_links":{"self":[{"href":"https:\/\/www.imigracaojaponesa.com.br\/index.php\/wp-json\/wp\/v2\/pages\/422"}],"collection":[{"href":"https:\/\/www.imigracaojaponesa.com.br\/index.php\/wp-json\/wp\/v2\/pages"}],"about":[{"href":"https:\/\/www.imigracaojaponesa.com.br\/index.php\/wp-json\/wp\/v2\/types\/page"}],"author":[{"embeddable":true,"href":"https:\/\/www.imigracaojaponesa.com.br\/index.php\/wp-json\/wp\/v2\/users\/1"}],"replies":[{"embeddable":true,"href":"https:\/\/www.imigracaojaponesa.com.br\/index.php\/wp-json\/wp\/v2\/comments?post=422"}],"version-history":[{"count":1,"href":"https:\/\/www.imigracaojaponesa.com.br\/index.php\/wp-json\/wp\/v2\/pages\/422\/revisions"}],"predecessor-version":[{"id":424,"href":"https:\/\/www.imigracaojaponesa.com.br\/index.php\/wp-json\/wp\/v2\/pages\/422\/revisions\/424"}],"up":[{"embeddable":true,"href":"https:\/\/www.imigracaojaponesa.com.br\/index.php\/wp-json\/wp\/v2\/pages\/357"}],"wp:attachment":[{"href":"https:\/\/www.imigracaojaponesa.com.br\/index.php\/wp-json\/wp\/v2\/media?parent=422"}],"curies":[{"name":"wp","href":"https:\/\/api.w.org\/{rel}","templated":true}]}}