
{"id":435,"date":"2013-09-02T16:28:13","date_gmt":"2013-09-02T19:28:13","guid":{"rendered":"http:\/\/www.imigracaojaponesa.com.br\/?page_id=435"},"modified":"2013-09-02T16:28:13","modified_gmt":"2013-09-02T19:28:13","slug":"pedro-mori","status":"publish","type":"page","link":"https:\/\/www.imigracaojaponesa.com.br\/index.php\/entrevistas\/politicos-nikkeis\/pedro-mori\/","title":{"rendered":"Pedro Mori"},"content":{"rendered":"<p style=\"text-align: justify;\"><img loading=\"lazy\" decoding=\"async\" class=\"alignright size-full wp-image-436\" alt=\"pedro-mori\" src=\"http:\/\/www.imigracaojaponesa.com.br\/wp-content\/uploads\/2013\/09\/pedro-mori.jpg\" width=\"601\" height=\"397\" srcset=\"https:\/\/www.imigracaojaponesa.com.br\/wp-content\/uploads\/2013\/09\/pedro-mori.jpg 601w, https:\/\/www.imigracaojaponesa.com.br\/wp-content\/uploads\/2013\/09\/pedro-mori-300x198.jpg 300w\" sizes=\"(max-width: 601px) 100vw, 601px\" \/>Pedro Mori nasceu em Presidente Bernardes, no dia 27 de junho de 1959, filho de Theodoro Mori e Satiko Mori. Trabalhou na agricultura e na lavoura at\u00e9 se mudar, aos dezesseis anos, para S\u00e3o Paulo. Empregou-se com seus tios e depois trabalhou no Banco do Estado de S\u00e3o Paulo (Banespa). Em 1983 formou-se no curso de Direito. Aos 24 anos casou-se com Irma Mori, com quem teve tr\u00eas filhos.<\/p>\n<p style=\"text-align: justify;\">Inspirado pela atua\u00e7\u00e3o de seu professor, Paulo Kobayashi, ingressou na vida p\u00fablica. Em 1988 elegeu-se vereador no munic\u00edpio de Santana de Parna\u00edba, e durante o mandato prop\u00f4s v\u00e1rios projetos de lei, dentre eles o da extin\u00e7\u00e3o da aposentadoria dos vereadores da pr\u00f3pria C\u00e2mara. Foi eleito por mais duas vezes consecutivas, tendo sido presidente da C\u00e2mara em 1992 e 1996.<\/p>\n<p style=\"text-align: justify;\">Em 1998 candidatou-se deputado estadual pelo Partido Democr\u00e1tico Trabalhista (PDT). Na Assembl\u00e9ia Legislativa priorizou os interesses dos munic\u00edpios da regi\u00e3o Oeste da Grande S\u00e3o Paulo, abordando temas como o zoneamento urbano, transportes, saneamento, educa\u00e7\u00e3o, sa\u00fade, habita\u00e7\u00e3o, seguran\u00e7a p\u00fablica e energia. Tratou tamb\u00e9m de quest\u00f5es nacionais, como a quest\u00e3o do emprego, supera\u00e7\u00e3o de desigualdades e as reformas do Estado.<\/p>\n<p style=\"text-align: justify;\">Em 2004 elegeu-se mais uma vez vereador de Santana de Parna\u00edba e novamente escolhido para presidir a C\u00e2mara. Em 2008 foi eleito vice-prefeito de sua cidade.<\/p>\n<p style=\"text-align: justify;\"><em>Fonte: Os nikkeis na Assembl\u00e9ia de S\u00e3o Paulo<\/em><\/p>\n","protected":false},"excerpt":{"rendered":"<p>Pedro Mori nasceu em Presidente Bernardes, no dia 27 de junho de 1959, filho de Theodoro Mori e Satiko Mori. Trabalhou na agricultura e na lavoura at\u00e9 se mudar, aos dezesseis anos, para S\u00e3o Paulo. Empregou-se com seus tios e depois trabalhou no Banco do Estado de S\u00e3o Paulo (Banespa). Em 1983 formou-se no curso <a href='https:\/\/www.imigracaojaponesa.com.br\/index.php\/entrevistas\/politicos-nikkeis\/pedro-mori\/' class='excerpt-more'>[&#8230;]<\/a><\/p>\n","protected":false},"author":1,"featured_media":0,"parent":357,"menu_order":0,"comment_status":"closed","ping_status":"closed","template":"","meta":{"ngg_post_thumbnail":0,"footnotes":""},"_links":{"self":[{"href":"https:\/\/www.imigracaojaponesa.com.br\/index.php\/wp-json\/wp\/v2\/pages\/435"}],"collection":[{"href":"https:\/\/www.imigracaojaponesa.com.br\/index.php\/wp-json\/wp\/v2\/pages"}],"about":[{"href":"https:\/\/www.imigracaojaponesa.com.br\/index.php\/wp-json\/wp\/v2\/types\/page"}],"author":[{"embeddable":true,"href":"https:\/\/www.imigracaojaponesa.com.br\/index.php\/wp-json\/wp\/v2\/users\/1"}],"replies":[{"embeddable":true,"href":"https:\/\/www.imigracaojaponesa.com.br\/index.php\/wp-json\/wp\/v2\/comments?post=435"}],"version-history":[{"count":1,"href":"https:\/\/www.imigracaojaponesa.com.br\/index.php\/wp-json\/wp\/v2\/pages\/435\/revisions"}],"predecessor-version":[{"id":437,"href":"https:\/\/www.imigracaojaponesa.com.br\/index.php\/wp-json\/wp\/v2\/pages\/435\/revisions\/437"}],"up":[{"embeddable":true,"href":"https:\/\/www.imigracaojaponesa.com.br\/index.php\/wp-json\/wp\/v2\/pages\/357"}],"wp:attachment":[{"href":"https:\/\/www.imigracaojaponesa.com.br\/index.php\/wp-json\/wp\/v2\/media?parent=435"}],"curies":[{"name":"wp","href":"https:\/\/api.w.org\/{rel}","templated":true}]}}